{"id":15,"date":"2025-04-07T15:46:07","date_gmt":"2025-04-07T13:46:07","guid":{"rendered":"http:\/\/insituz.cluster021.hosting.ovh.net\/?page_id=15"},"modified":"2026-01-18T17:13:38","modified_gmt":"2026-01-18T16:13:38","slug":"jetpeel","status":"publish","type":"page","link":"https:\/\/www.institut-hygeia.fr\/index.php\/jetpeel\/","title":{"rendered":"Jetpeel"},"content":{"rendered":"\n<div class=\"wp-block-group alignfull has-background-background-color has-text-color has-background has-link-color wp-elements-fdc01ca6ac688c4b3e53f1600a479e77 is-content-justification-space-between is-layout-flex wp-container-core-group-is-layout-70d69497 wp-block-group-is-layout-flex\" style=\"color:#99792d;padding-top:15px;padding-right:0px;padding-bottom:15px;padding-left:0px;background-image:url(&apos;https:\/\/www.institut-hygeia.fr\/wp-content\/uploads\/2025\/05\/WhatsApp-Image-2025-05-04-a-10.53.01_083d7175-1.jpg&apos;);background-position:88% 31%;background-size:cover;\">\n<figure class=\"wp-block-image size-full is-resized wp-duotone-unset-1\"><img loading=\"lazy\" decoding=\"async\" width=\"453\" height=\"600\" src=\"https:\/\/www.insitut-hygeia.fr\/wp-content\/uploads\/2025\/05\/WhatsApp-Image-2025-05-04-a-20.07.46_24928643.jpg\" alt=\"\" class=\"wp-image-306\" style=\"width:160px;height:auto\" srcset=\"https:\/\/www.institut-hygeia.fr\/wp-content\/uploads\/2025\/05\/WhatsApp-Image-2025-05-04-a-20.07.46_24928643.jpg 453w, https:\/\/www.institut-hygeia.fr\/wp-content\/uploads\/2025\/05\/WhatsApp-Image-2025-05-04-a-20.07.46_24928643-227x300.jpg 227w\" sizes=\"auto, (max-width: 453px) 100vw, 453px\" \/><\/figure>\n\n\n\n<div class=\"wp-block-group wp-container-content-9cfa9a5a is-content-justification-left is-layout-constrained wp-container-core-group-is-layout-12dd3699 wp-block-group-is-layout-constrained\">\n<p class=\"has-medium-font-size\"><strong>HYGEIA INSTITUT<\/strong><\/p>\n<\/div>\n\n\n<nav class=\"is-responsive items-justified-right wp-block-navigation is-content-justification-right is-layout-flex wp-container-core-navigation-is-layout-f665d2b5 wp-block-navigation-is-layout-flex\" aria-label=\"Menu 3\" \n\t\t data-wp-interactive=\"core\/navigation\" data-wp-context='{\"overlayOpenedBy\":{\"click\":false,\"hover\":false,\"focus\":false},\"type\":\"overlay\",\"roleAttribute\":\"\",\"ariaLabel\":\"Menu\"}'><button aria-haspopup=\"dialog\" aria-label=\"Ouvrir le menu\" class=\"wp-block-navigation__responsive-container-open\" \n\t\t\t\tdata-wp-on--click=\"actions.openMenuOnClick\"\n\t\t\t\tdata-wp-on--keydown=\"actions.handleMenuKeydown\"\n\t\t\t><svg width=\"24\" height=\"24\" xmlns=\"http:\/\/www.w3.org\/2000\/svg\" viewBox=\"0 0 24 24\" aria-hidden=\"true\" focusable=\"false\"><path d=\"M4 7.5h16v1.5H4z\"><\/path><path d=\"M4 15h16v1.5H4z\"><\/path><\/svg><\/button>\n\t\t\t\t<div class=\"wp-block-navigation__responsive-container\"  id=\"modal-2\" \n\t\t\t\tdata-wp-class--has-modal-open=\"state.isMenuOpen\"\n\t\t\t\tdata-wp-class--is-menu-open=\"state.isMenuOpen\"\n\t\t\t\tdata-wp-watch=\"callbacks.initMenu\"\n\t\t\t\tdata-wp-on--keydown=\"actions.handleMenuKeydown\"\n\t\t\t\tdata-wp-on--focusout=\"actions.handleMenuFocusout\"\n\t\t\t\ttabindex=\"-1\"\n\t\t\t>\n\t\t\t\t\t<div class=\"wp-block-navigation__responsive-close\" tabindex=\"-1\">\n\t\t\t\t\t\t<div class=\"wp-block-navigation__responsive-dialog\" \n\t\t\t\tdata-wp-bind--aria-modal=\"state.ariaModal\"\n\t\t\t\tdata-wp-bind--aria-label=\"state.ariaLabel\"\n\t\t\t\tdata-wp-bind--role=\"state.roleAttribute\"\n\t\t\t>\n\t\t\t\t\t\t\t<button aria-label=\"Fermer le menu\" class=\"wp-block-navigation__responsive-container-close\" \n\t\t\t\tdata-wp-on--click=\"actions.closeMenuOnClick\"\n\t\t\t><svg xmlns=\"http:\/\/www.w3.org\/2000\/svg\" viewBox=\"0 0 24 24\" width=\"24\" height=\"24\" aria-hidden=\"true\" focusable=\"false\"><path d=\"m13.06 12 6.47-6.47-1.06-1.06L12 10.94 5.53 4.47 4.47 5.53 10.94 12l-6.47 6.47 1.06 1.06L12 13.06l6.47 6.47 1.06-1.06L13.06 12Z\"><\/path><\/svg><\/button>\n\t\t\t\t\t\t\t<div class=\"wp-block-navigation__responsive-container-content\" \n\t\t\t\tdata-wp-watch=\"callbacks.focusFirstElement\"\n\t\t\t id=\"modal-2-content\">\n\t\t\t\t\t\t\t\t<ul class=\"wp-block-navigation__container is-responsive items-justified-right wp-block-navigation\"><li class=\" wp-block-navigation-item wp-block-navigation-link\"><a class=\"wp-block-navigation-item__content\"  href=\"https:\/\/www.insitut-hygeia.fr\/\"><span class=\"wp-block-navigation-item__label\">Accueil<\/span><\/a><\/li><li class=\" wp-block-navigation-item wp-block-navigation-link\"><a class=\"wp-block-navigation-item__content\"  href=\"https:\/\/www.institut-hygeia.fr\/index.php\/ia-check-et-led\/\"><span class=\"wp-block-navigation-item__label\">IA Check et LED<\/span><\/a><\/li><li class=\" wp-block-navigation-item wp-block-navigation-link\"><a class=\"wp-block-navigation-item__content\"  href=\"https:\/\/www.institut-hygeia.fr\/index.php\/jetpeel\/\"><span class=\"wp-block-navigation-item__label\">Jetpeel<\/span><\/a><\/li><li class=\" wp-block-navigation-item wp-block-navigation-link\"><a class=\"wp-block-navigation-item__content\"  href=\"https:\/\/www.institut-hygeia.fr\/index.php\/laser-epilatoire\/\"><span class=\"wp-block-navigation-item__label\">Laser \u00e9pilatoire<\/span><\/a><\/li><\/ul><ul class=\"wp-block-navigation__container is-responsive items-justified-right wp-block-navigation\"><li class=\" wp-block-navigation-item wp-block-navigation-link\"><a class=\"wp-block-navigation-item__content\"  href=\"https:\/\/www.institut-hygeia.fr\/index.php\/radiofrequence-lipocavitation\/\"><span class=\"wp-block-navigation-item__label\">Radiofr\u00e9quence et Lipocavitation<\/span><\/a><\/li><li data-wp-context=\"{ &quot;submenuOpenedBy&quot;: { &quot;click&quot;: false, &quot;hover&quot;: false, &quot;focus&quot;: false }, &quot;type&quot;: &quot;submenu&quot;, &quot;modal&quot;: null, &quot;previousFocus&quot;: null }\" data-wp-interactive=\"core\/navigation\" data-wp-on--focusout=\"actions.handleMenuFocusout\" data-wp-on--keydown=\"actions.handleMenuKeydown\" data-wp-on--mouseenter=\"actions.openMenuOnHover\" data-wp-on--mouseleave=\"actions.closeMenuOnHover\" data-wp-watch=\"callbacks.initMenu\" tabindex=\"-1\" class=\"wp-block-navigation-item has-child open-on-hover-click wp-block-navigation-submenu\"><a class=\"wp-block-navigation-item__content\" href=\"https:\/\/www.institut-hygeia.fr\/index.php\/tarifs-contact-2\/\"><span class=\"wp-block-navigation-item__label\">Contact<\/span><\/a><button data-wp-bind--aria-expanded=\"state.isMenuOpen\" data-wp-on--click=\"actions.toggleMenuOnClick\" aria-label=\"Sous-menu Contact\" class=\"wp-block-navigation__submenu-icon wp-block-navigation-submenu__toggle\" ><svg xmlns=\"http:\/\/www.w3.org\/2000\/svg\" width=\"12\" height=\"12\" viewBox=\"0 0 12 12\" fill=\"none\" aria-hidden=\"true\" focusable=\"false\"><path d=\"M1.50002 4L6.00002 8L10.5 4\" stroke-width=\"1.5\"><\/path><\/svg><\/button><ul data-wp-on--focus=\"actions.openMenuOnFocus\" class=\"wp-block-navigation__submenu-container wp-block-navigation-submenu\"><li class=\" wp-block-navigation-item wp-block-navigation-link\"><a class=\"wp-block-navigation-item__content\"  href=\"https:\/\/www.institut-hygeia.fr\/index.php\/tarifs-contact-2\/mentions-legales\/\"><span class=\"wp-block-navigation-item__label\">Mentions l\u00e9gales<\/span><\/a><\/li><li class=\" wp-block-navigation-item wp-block-navigation-link\"><a class=\"wp-block-navigation-item__content\"  href=\"https:\/\/www.institut-hygeia.fr\/index.php\/tarifs-contact-2\/confidentialite\/\"><span class=\"wp-block-navigation-item__label\">Confidentialit\u00e9<\/span><\/a><\/li><\/ul><\/li><\/ul>\n\t\t\t\t\t\t\t<\/div>\n\t\t\t\t\t\t<\/div>\n\t\t\t\t\t<\/div>\n\t\t\t\t<\/div><\/nav><\/div>\n\n\n\n<div class=\"wp-block-group alignfull has-border-color has-background-color has-background-background-color has-text-color has-background has-link-color wp-elements-c3dfd7b0e84ae2c89166826f26b07137 is-layout-constrained wp-block-group-is-layout-constrained\" style=\"border-color:#99792d;border-width:10px;padding-top:1.5rem;padding-bottom:1.5rem\">\n<div class=\"wp-block-media-text alignwide is-stacked-on-mobile is-vertically-aligned-center\" style=\"grid-template-columns:43% auto\"><figure class=\"wp-block-media-text__media\"><img loading=\"lazy\" decoding=\"async\" width=\"800\" height=\"850\" src=\"http:\/\/insituz.cluster021.hosting.ovh.net\/wp-content\/uploads\/2025\/04\/WhatsApp-Image-2025-03-28-a-15.57.54_d8c97869.jpg\" alt=\"\" class=\"wp-image-23 size-full\" srcset=\"https:\/\/www.institut-hygeia.fr\/wp-content\/uploads\/2025\/04\/WhatsApp-Image-2025-03-28-a-15.57.54_d8c97869.jpg 800w, https:\/\/www.institut-hygeia.fr\/wp-content\/uploads\/2025\/04\/WhatsApp-Image-2025-03-28-a-15.57.54_d8c97869-282x300.jpg 282w, https:\/\/www.institut-hygeia.fr\/wp-content\/uploads\/2025\/04\/WhatsApp-Image-2025-03-28-a-15.57.54_d8c97869-768x816.jpg 768w\" sizes=\"auto, (max-width: 800px) 100vw, 800px\" \/><\/figure><div class=\"wp-block-media-text__content\">\n<p class=\"has-text-align-center has-text-color has-link-color wp-elements-cde13bf89971292effe3a88310fcb553\" style=\"color:#99792d;text-transform:uppercase\"><strong>JETPEEL : SOIN R\u00c9VOLUTIONNAIRE ET NON INVASIF<\/strong><\/p>\n\n\n\n<p class=\"has-text-align-center has-text-color has-link-color wp-elements-c549fefb9f3496c373a4f543866d5dde\" style=\"color:#99792d\">Une technologie innovante qui associe air propuls\u00e9 et principes actifs (acide hyaluronique, vitamines, peptides\u2026) pour traiter la peau en profondeur, sans aiguille ni douleur !.<\/p>\n\n\n\n<h2 class=\"wp-block-heading has-text-align-center has-text-color has-link-color has-system-font-font-family has-medium-font-size wp-elements-202b649fd7390172c1ffdde46ed4f1c1\" style=\"color:#99792d;text-decoration:underline\"><strong><strong>Un soin en 4 \u00e9tapes :<\/strong><\/strong><\/h2>\n\n\n\n<ul class=\"wp-block-list\">\n<li class=\"has-text-color has-link-color wp-elements-8cb81c842ef97927750172de766bcd5c\" style=\"color:#99792d\">Drainage lymphatique : D\u00e9toxifie et active la circulation.<\/li>\n\n\n\n<li class=\"has-text-color has-link-color wp-elements-edca6d360db03ac893aa27b30bc52355\" style=\"color:#99792d\">Exfoliation &amp; peeling : \u00c9limine les cellules mortes pour un teint \u00e9clatant.<\/li>\n\n\n\n<li class=\"has-text-color has-link-color wp-elements-961fe400a00282a26111cd441cca1889\" style=\"color:#99792d\">Infusion sur-mesure : Apport cibl\u00e9 de nutriments adapt\u00e9s \u00e0 votre peau.<\/li>\n\n\n\n<li class=\"has-text-color has-link-color wp-elements-48714308aa6c34246b2b8dcf2c7e931c\" style=\"color:#99792d\">Skin booster : Stimule et prolonge les bienfaits du traitement.<\/li>\n<\/ul>\n\n\n\n<h2 class=\"wp-block-heading has-text-align-center has-text-color has-link-color has-system-font-font-family has-medium-font-size wp-elements-b522914eff1bb80834ba1bacd598ba67\" style=\"color:#99792d;text-decoration:underline\"><strong><strong>R\u00e9sultats :<\/strong><\/strong><\/h2>\n\n\n\n<p class=\"has-text-align-center has-text-color has-link-color wp-elements-e54c5946e402ff92729eb0b5cfca1f10\" style=\"color:#99792d\">\u2713 Anti-rides &amp; anti-\u00e2ge<br>\u2713 Hydratation intense &amp; \u00e9clat<br>\u2713 Renouvellement cellulaire<br>\u2713 R\u00e9duction des imperfections &amp; rougeurs<br>Zones trait\u00e9es<br>Visage, l\u00e8vres, cernes, d\u00e9collet\u00e9, mains \u2013 en toute saison, m\u00eame sur peau bronz\u00e9e.<\/p>\n\n\n\n<h2 class=\"wp-block-heading has-text-align-center has-text-color has-link-color has-system-font-font-family has-medium-font-size wp-elements-c281b7d9e8c1a0dee8d69da5d54f9d02\" style=\"color:#99792d;text-decoration:underline\"><strong><strong>Les avantages :<\/strong><\/strong><\/h2>\n\n\n\n<p class=\"has-text-align-center has-text-color has-link-color wp-elements-7cffc3a651fdf87534beeff5a55d452d\" style=\"color:#99792d\">\u2714 Nettoyage profond : Peau purifi\u00e9e, grain affin\u00e9.<br>\u2714 Hydratation &amp; r\u00e9paration : Collag\u00e8ne boost\u00e9, \u00e9lasticit\u00e9 renforc\u00e9e.<br>\u2714 Anti-\u00e2ge : Rides att\u00e9nu\u00e9es, fermet\u00e9 am\u00e9lior\u00e9e, taches pigmentaires r\u00e9duites<\/p>\n\n\n\n<h2 class=\"wp-block-heading has-text-align-center has-text-color has-link-color has-system-font-font-family has-medium-font-size wp-elements-6215303617a26e6ed8acfeb51dc2cbc2\" style=\"color:#99792d;text-decoration:underline\"><strong><strong>Les contre-indications:<\/strong><\/strong><\/h2>\n\n\n\n<ul style=\"color:#99792d\" class=\"wp-block-list has-text-color has-link-color wp-elements-a94c5df05b7a3e5ee60fb58fc74e40a4\">\n<li>Grossesse et allaitement<\/li>\n\n\n\n<li>Maladies de peau, infections, plaies ouvertes<\/li>\n\n\n\n<li>Traitements m\u00e9dicamenteux sp\u00e9cifiques (isotr\u00e9tino\u00efne, chimioth\u00e9rapie\u2026)<\/li>\n\n\n\n<li>Injections r\u00e9centes (attendre 1 mois apr\u00e8s botox ou fillers)<\/li>\n<\/ul>\n\n\n\n<p class=\"has-text-align-center has-text-color has-link-color wp-elements-4a6e85e1506ceb5dfca88e4e5d302198\" style=\"color:#99792d\"><strong>Offrez \u00e0 votre peau un soin&nbsp;d\u2019exception&nbsp;!<\/strong><\/p>\n\n\n\n<p><\/p>\n\n\n\n<div class=\"wp-block-buttons is-layout-flex wp-block-buttons-is-layout-flex\">\n<div class=\"wp-block-button is-style-outline is-style-outline--3\"><a class=\"wp-block-button__link has-background-background-color has-text-color has-background has-link-color wp-element-button\" href=\"https:\/\/www.institut-hygeia.fr\/wp-content\/uploads\/2025\/05\/WhatsApp-Image-2025-04-08-a-09.35.41_87edb430.jpg\" style=\"color:#99792d\">Tarifs<\/a><\/div>\n<\/div>\n<\/div><\/div>\n<\/div>\n\n\n\n<div class=\"wp-block-group alignfull has-background-color has-text-color has-background has-link-color wp-elements-8f38f261d8c015217c424840b3dbf340 is-layout-constrained wp-block-group-is-layout-constrained\" style=\"background-color:#99792d;padding-top:17px;padding-bottom:17px;background-image:url(&apos;https:\/\/www.insitut-hygeia.fr\/wp-content\/uploads\/2025\/05\/WhatsApp-Image-2025-05-04-a-10.53.01_083d7175.jpg&apos;);background-position:69% 54%;background-size:cover;\">\n<div class=\"wp-block-columns is-layout-flex wp-container-core-columns-is-layout-28f84493 wp-block-columns-is-layout-flex\">\n<div class=\"wp-block-column is-layout-flow wp-block-column-is-layout-flow\" style=\"flex-basis:25%\"><\/div>\n\n\n\n<div class=\"wp-block-column is-layout-flow wp-block-column-is-layout-flow\" style=\"flex-basis:50%\"><\/div>\n\n\n\n<div class=\"wp-block-column is-layout-flow wp-block-column-is-layout-flow\" style=\"flex-basis:25%\"><\/div>\n<\/div>\n\n\n\n<div class=\"wp-block-buttons is-content-justification-center is-layout-flex wp-container-core-buttons-is-layout-a89b3969 wp-block-buttons-is-layout-flex\">\n<div class=\"wp-block-button is-style-outline is-style-outline--4\"><a class=\"wp-block-button__link has-text-color has-link-color wp-element-button\" href=\"https:\/\/www.insitut-hygeia.fr\/index.php\/confidentialite\/\" style=\"color:#99792d\">Confidentialit\u00e9<\/a><\/div>\n\n\n\n<div class=\"wp-block-button is-style-outline is-style-outline--5\"><a class=\"wp-block-button__link has-text-color has-link-color wp-element-button\" href=\"https:\/\/www.insitut-hygeia.fr\/index.php\/tarifs-contact-2\/mentions-legales\/\" style=\"color:#99792d\">Mentions l\u00e9gales<\/a><\/div>\n<\/div>\n\n\n\n<p><\/p>\n\n\n\n<p class=\"has-text-align-center has-text-color has-link-color has-small-font-size wp-elements-689c484e3bd57beb21ca4fdd12761556\" style=\"color:#99792d\">HYGEIA INSTITUT<br>Salon Excel Coiffure &#8211; ZC Intermarch\u00e9 &#8211; ZAC la Poulasse &#8211; 83210 Solli\u00e8s-Pont<br>Si\u00e8ge social : 15 rue des coquelicots &#8211; 83210 Solli\u00e8s-Pont<br>SIRET : 937 782 951 000 19<br>07 59 69 25 26 &#8211; <a href=\"hygeia.institut@icloud.com\">hygeia.institut@icloud.com<\/a><br><\/p>\n<\/div>\n","protected":false},"excerpt":{"rendered":"<p>HYGEIA INSTITUT JETPEEL : SOIN R\u00c9VOLUTIONNAIRE ET NON INVASIF Une technologie innovante qui associe air propuls\u00e9 et principes actifs (acide hyaluronique, vitamines, peptides\u2026) pour traiter la peau en profondeur, sans aiguille ni douleur !. Un soin en 4 \u00e9tapes : R\u00e9sultats : \u2713 Anti-rides &amp; anti-\u00e2ge\u2713 Hydratation intense &amp; \u00e9clat\u2713 Renouvellement cellulaire\u2713 R\u00e9duction des imperfections [&hellip;]<\/p>\n","protected":false},"author":1,"featured_media":0,"parent":0,"menu_order":0,"comment_status":"closed","ping_status":"closed","template":"blank","meta":{"footnotes":""},"class_list":["post-15","page","type-page","status-publish","hentry"],"_links":{"self":[{"href":"https:\/\/www.institut-hygeia.fr\/index.php\/wp-json\/wp\/v2\/pages\/15","targetHints":{"allow":["GET"]}}],"collection":[{"href":"https:\/\/www.institut-hygeia.fr\/index.php\/wp-json\/wp\/v2\/pages"}],"about":[{"href":"https:\/\/www.institut-hygeia.fr\/index.php\/wp-json\/wp\/v2\/types\/page"}],"author":[{"embeddable":true,"href":"https:\/\/www.institut-hygeia.fr\/index.php\/wp-json\/wp\/v2\/users\/1"}],"replies":[{"embeddable":true,"href":"https:\/\/www.institut-hygeia.fr\/index.php\/wp-json\/wp\/v2\/comments?post=15"}],"version-history":[{"count":16,"href":"https:\/\/www.institut-hygeia.fr\/index.php\/wp-json\/wp\/v2\/pages\/15\/revisions"}],"predecessor-version":[{"id":401,"href":"https:\/\/www.institut-hygeia.fr\/index.php\/wp-json\/wp\/v2\/pages\/15\/revisions\/401"}],"wp:attachment":[{"href":"https:\/\/www.institut-hygeia.fr\/index.php\/wp-json\/wp\/v2\/media?parent=15"}],"curies":[{"name":"wp","href":"https:\/\/api.w.org\/{rel}","templated":true}]}}