{"id":18,"date":"2025-04-07T15:47:20","date_gmt":"2025-04-07T13:47:20","guid":{"rendered":"http:\/\/insituz.cluster021.hosting.ovh.net\/?page_id=18"},"modified":"2026-01-18T17:13:49","modified_gmt":"2026-01-18T16:13:49","slug":"laser-epilatoire","status":"publish","type":"page","link":"https:\/\/www.institut-hygeia.fr\/index.php\/laser-epilatoire\/","title":{"rendered":"Laser \u00e9pilatoire"},"content":{"rendered":"\n<div class=\"wp-block-group alignfull has-background-background-color has-text-color has-background has-link-color wp-elements-fdc01ca6ac688c4b3e53f1600a479e77 is-content-justification-space-between is-layout-flex wp-container-core-group-is-layout-70d69497 wp-block-group-is-layout-flex\" style=\"color:#99792d;padding-top:15px;padding-right:0px;padding-bottom:15px;padding-left:0px;background-image:url(&apos;https:\/\/www.institut-hygeia.fr\/wp-content\/uploads\/2025\/05\/WhatsApp-Image-2025-05-04-a-10.53.01_083d7175-1.jpg&apos;);background-position:88% 31%;background-size:cover;\">\n<figure class=\"wp-block-image size-full is-resized wp-duotone-unset-1\"><img loading=\"lazy\" decoding=\"async\" width=\"453\" height=\"600\" src=\"https:\/\/www.insitut-hygeia.fr\/wp-content\/uploads\/2025\/05\/WhatsApp-Image-2025-05-04-a-20.07.46_24928643.jpg\" alt=\"\" class=\"wp-image-306\" style=\"width:160px;height:auto\" srcset=\"https:\/\/www.institut-hygeia.fr\/wp-content\/uploads\/2025\/05\/WhatsApp-Image-2025-05-04-a-20.07.46_24928643.jpg 453w, https:\/\/www.institut-hygeia.fr\/wp-content\/uploads\/2025\/05\/WhatsApp-Image-2025-05-04-a-20.07.46_24928643-227x300.jpg 227w\" sizes=\"auto, (max-width: 453px) 100vw, 453px\" \/><\/figure>\n\n\n\n<div class=\"wp-block-group wp-container-content-9cfa9a5a is-content-justification-left is-layout-constrained wp-container-core-group-is-layout-12dd3699 wp-block-group-is-layout-constrained\">\n<p class=\"has-medium-font-size\"><strong>HYGEIA INSTITUT<\/strong><\/p>\n<\/div>\n\n\n<nav class=\"is-responsive items-justified-right wp-block-navigation is-content-justification-right is-layout-flex wp-container-core-navigation-is-layout-f665d2b5 wp-block-navigation-is-layout-flex\" aria-label=\"Menu 3\" \n\t\t data-wp-interactive=\"core\/navigation\" data-wp-context='{\"overlayOpenedBy\":{\"click\":false,\"hover\":false,\"focus\":false},\"type\":\"overlay\",\"roleAttribute\":\"\",\"ariaLabel\":\"Menu\"}'><button aria-haspopup=\"dialog\" aria-label=\"Ouvrir le menu\" class=\"wp-block-navigation__responsive-container-open\" \n\t\t\t\tdata-wp-on--click=\"actions.openMenuOnClick\"\n\t\t\t\tdata-wp-on--keydown=\"actions.handleMenuKeydown\"\n\t\t\t><svg width=\"24\" height=\"24\" xmlns=\"http:\/\/www.w3.org\/2000\/svg\" viewBox=\"0 0 24 24\" aria-hidden=\"true\" focusable=\"false\"><path d=\"M4 7.5h16v1.5H4z\"><\/path><path d=\"M4 15h16v1.5H4z\"><\/path><\/svg><\/button>\n\t\t\t\t<div class=\"wp-block-navigation__responsive-container\"  id=\"modal-2\" \n\t\t\t\tdata-wp-class--has-modal-open=\"state.isMenuOpen\"\n\t\t\t\tdata-wp-class--is-menu-open=\"state.isMenuOpen\"\n\t\t\t\tdata-wp-watch=\"callbacks.initMenu\"\n\t\t\t\tdata-wp-on--keydown=\"actions.handleMenuKeydown\"\n\t\t\t\tdata-wp-on--focusout=\"actions.handleMenuFocusout\"\n\t\t\t\ttabindex=\"-1\"\n\t\t\t>\n\t\t\t\t\t<div class=\"wp-block-navigation__responsive-close\" tabindex=\"-1\">\n\t\t\t\t\t\t<div class=\"wp-block-navigation__responsive-dialog\" \n\t\t\t\tdata-wp-bind--aria-modal=\"state.ariaModal\"\n\t\t\t\tdata-wp-bind--aria-label=\"state.ariaLabel\"\n\t\t\t\tdata-wp-bind--role=\"state.roleAttribute\"\n\t\t\t>\n\t\t\t\t\t\t\t<button aria-label=\"Fermer le menu\" class=\"wp-block-navigation__responsive-container-close\" \n\t\t\t\tdata-wp-on--click=\"actions.closeMenuOnClick\"\n\t\t\t><svg xmlns=\"http:\/\/www.w3.org\/2000\/svg\" viewBox=\"0 0 24 24\" width=\"24\" height=\"24\" aria-hidden=\"true\" focusable=\"false\"><path d=\"m13.06 12 6.47-6.47-1.06-1.06L12 10.94 5.53 4.47 4.47 5.53 10.94 12l-6.47 6.47 1.06 1.06L12 13.06l6.47 6.47 1.06-1.06L13.06 12Z\"><\/path><\/svg><\/button>\n\t\t\t\t\t\t\t<div class=\"wp-block-navigation__responsive-container-content\" \n\t\t\t\tdata-wp-watch=\"callbacks.focusFirstElement\"\n\t\t\t id=\"modal-2-content\">\n\t\t\t\t\t\t\t\t<ul class=\"wp-block-navigation__container is-responsive items-justified-right wp-block-navigation\"><li class=\" wp-block-navigation-item wp-block-navigation-link\"><a class=\"wp-block-navigation-item__content\"  href=\"https:\/\/www.insitut-hygeia.fr\/\"><span class=\"wp-block-navigation-item__label\">Accueil<\/span><\/a><\/li><li class=\" wp-block-navigation-item wp-block-navigation-link\"><a class=\"wp-block-navigation-item__content\"  href=\"https:\/\/www.institut-hygeia.fr\/index.php\/ia-check-et-led\/\"><span class=\"wp-block-navigation-item__label\">IA Check et LED<\/span><\/a><\/li><li class=\" wp-block-navigation-item wp-block-navigation-link\"><a class=\"wp-block-navigation-item__content\"  href=\"https:\/\/www.institut-hygeia.fr\/index.php\/jetpeel\/\"><span class=\"wp-block-navigation-item__label\">Jetpeel<\/span><\/a><\/li><li class=\" wp-block-navigation-item wp-block-navigation-link\"><a class=\"wp-block-navigation-item__content\"  href=\"https:\/\/www.institut-hygeia.fr\/index.php\/laser-epilatoire\/\"><span class=\"wp-block-navigation-item__label\">Laser \u00e9pilatoire<\/span><\/a><\/li><\/ul><ul class=\"wp-block-navigation__container is-responsive items-justified-right wp-block-navigation\"><li class=\" wp-block-navigation-item wp-block-navigation-link\"><a class=\"wp-block-navigation-item__content\"  href=\"https:\/\/www.institut-hygeia.fr\/index.php\/radiofrequence-lipocavitation\/\"><span class=\"wp-block-navigation-item__label\">Radiofr\u00e9quence et Lipocavitation<\/span><\/a><\/li><li data-wp-context=\"{ &quot;submenuOpenedBy&quot;: { &quot;click&quot;: false, &quot;hover&quot;: false, &quot;focus&quot;: false }, &quot;type&quot;: &quot;submenu&quot;, &quot;modal&quot;: null, &quot;previousFocus&quot;: null }\" data-wp-interactive=\"core\/navigation\" data-wp-on--focusout=\"actions.handleMenuFocusout\" data-wp-on--keydown=\"actions.handleMenuKeydown\" data-wp-on--mouseenter=\"actions.openMenuOnHover\" data-wp-on--mouseleave=\"actions.closeMenuOnHover\" data-wp-watch=\"callbacks.initMenu\" tabindex=\"-1\" class=\"wp-block-navigation-item has-child open-on-hover-click wp-block-navigation-submenu\"><a class=\"wp-block-navigation-item__content\" href=\"https:\/\/www.institut-hygeia.fr\/index.php\/tarifs-contact-2\/\"><span class=\"wp-block-navigation-item__label\">Contact<\/span><\/a><button data-wp-bind--aria-expanded=\"state.isMenuOpen\" data-wp-on--click=\"actions.toggleMenuOnClick\" aria-label=\"Sous-menu Contact\" class=\"wp-block-navigation__submenu-icon wp-block-navigation-submenu__toggle\" ><svg xmlns=\"http:\/\/www.w3.org\/2000\/svg\" width=\"12\" height=\"12\" viewBox=\"0 0 12 12\" fill=\"none\" aria-hidden=\"true\" focusable=\"false\"><path d=\"M1.50002 4L6.00002 8L10.5 4\" stroke-width=\"1.5\"><\/path><\/svg><\/button><ul data-wp-on--focus=\"actions.openMenuOnFocus\" class=\"wp-block-navigation__submenu-container wp-block-navigation-submenu\"><li class=\" wp-block-navigation-item wp-block-navigation-link\"><a class=\"wp-block-navigation-item__content\"  href=\"https:\/\/www.institut-hygeia.fr\/index.php\/tarifs-contact-2\/mentions-legales\/\"><span class=\"wp-block-navigation-item__label\">Mentions l\u00e9gales<\/span><\/a><\/li><li class=\" wp-block-navigation-item wp-block-navigation-link\"><a class=\"wp-block-navigation-item__content\"  href=\"https:\/\/www.institut-hygeia.fr\/index.php\/tarifs-contact-2\/confidentialite\/\"><span class=\"wp-block-navigation-item__label\">Confidentialit\u00e9<\/span><\/a><\/li><\/ul><\/li><\/ul>\n\t\t\t\t\t\t\t<\/div>\n\t\t\t\t\t\t<\/div>\n\t\t\t\t\t<\/div>\n\t\t\t\t<\/div><\/nav><\/div>\n\n\n\n<div class=\"wp-block-group alignfull has-border-color has-background-color has-background-background-color has-text-color has-background has-link-color wp-elements-c9c2a049add0c7ddaecd246fd7797dc1 is-layout-constrained wp-block-group-is-layout-constrained\" style=\"border-color:#99792d;border-width:10px;padding-top:1.5rem;padding-bottom:1.5rem\">\n<div class=\"wp-block-media-text alignwide is-stacked-on-mobile is-vertically-aligned-center\" style=\"grid-template-columns:43% auto\"><figure class=\"wp-block-media-text__media\"><img loading=\"lazy\" decoding=\"async\" width=\"1024\" height=\"878\" src=\"http:\/\/insituz.cluster021.hosting.ovh.net\/wp-content\/uploads\/2025\/05\/WhatsApp-Image-2025-05-02-a-10.05.11_b315372c-1024x878.jpg\" alt=\"\" class=\"wp-image-221 size-full\" srcset=\"https:\/\/www.institut-hygeia.fr\/wp-content\/uploads\/2025\/05\/WhatsApp-Image-2025-05-02-a-10.05.11_b315372c-1024x878.jpg 1024w, https:\/\/www.institut-hygeia.fr\/wp-content\/uploads\/2025\/05\/WhatsApp-Image-2025-05-02-a-10.05.11_b315372c-300x257.jpg 300w, https:\/\/www.institut-hygeia.fr\/wp-content\/uploads\/2025\/05\/WhatsApp-Image-2025-05-02-a-10.05.11_b315372c-768x658.jpg 768w, https:\/\/www.institut-hygeia.fr\/wp-content\/uploads\/2025\/05\/WhatsApp-Image-2025-05-02-a-10.05.11_b315372c.jpg 1440w\" sizes=\"auto, (max-width: 1024px) 100vw, 1024px\" \/><\/figure><div class=\"wp-block-media-text__content\">\n<p class=\"has-text-align-center has-text-color has-link-color wp-elements-81ad34b8907afa5cfd63eed587161ac7\" style=\"color:#99792d;text-transform:uppercase\"><strong>\u00c9pilation D\u00e9finitive au Laser Diode<\/strong><\/p>\n\n\n\n<p class=\"has-text-align-center has-text-color has-link-color wp-elements-09e1676b207a5657eb50ae9dfe80524a\" style=\"color:#99792d\">Profitez d\u2019une \u00e9pilation d\u00e9finitive sans douleur, adapt\u00e9e \u00e0 tous les phototypes, gr\u00e2ce \u00e0 un laser de derni\u00e8re g\u00e9n\u00e9ration<\/p>\n\n\n\n<h2 class=\"wp-block-heading has-text-align-center has-text-color has-link-color has-system-font-font-family has-medium-font-size wp-elements-3e3f445b1ec579d9a2a21904571d2b97\" style=\"color:#99792d;text-decoration:underline\"><strong><strong>Comment \u00e7a fonctionne ?<\/strong><\/strong><\/h2>\n\n\n\n<p class=\"has-text-align-center has-text-color has-link-color wp-elements-ee59fc114b24e0e4f202e22b42c46b88\" style=\"color:#99792d\">Le laser cible la m\u00e9lanine du follicule pileux, g\u00e9n\u00e9rant une chaleur qui inhibe la repousse du poil.<\/p>\n\n\n\n<h2 class=\"wp-block-heading has-text-align-center has-text-color has-link-color has-system-font-font-family has-medium-font-size wp-elements-1ce87b75d79f249826cc62c09c45333c\" style=\"color:#99792d;text-decoration:underline\"><strong><strong>D\u00e9roulement d\u2019une s\u00e9ance<\/strong><\/strong> :<\/h2>\n\n\n\n<ul class=\"wp-block-list\">\n<li class=\"has-text-color has-link-color wp-elements-9bf0ac02685b7365732f03b4b6ea9408\" style=\"color:#99792d\">Avant la s\u00e9ance : Raser les zones souhait\u00e9es 24h \u00e0 48h avant la s\u00e9ance.<\/li>\n\n\n\n<li class=\"has-text-color has-link-color wp-elements-4edc6efa49fab65157d6a1563e9e82ed\" style=\"color:#99792d\">Pendant la s\u00e9ance : Port de lunettes de protection obligatoire. Sensation de chaleur possible ou de l\u00e9gers picotements.<\/li>\n\n\n\n<li class=\"has-text-color has-link-color wp-elements-b099da35f7e54d16939054e0d955c3eb\" style=\"color:#99792d\">Apr\u00e8s la s\u00e9ance (pendant 7 jours) : \u00c9vitez sauna, hammam, gommages, piscine, soleil, UV, autobronzants et certains m\u00e9dicaments photo-sensibilisant.<\/li>\n\n\n\n<li class=\"has-text-color has-link-color wp-elements-55613f9e99106dcd4a924f93f9b14689\" style=\"color:#99792d\">Plusieurs s\u00e9ances espac\u00e9es de 4 \u00e0 6 semaines sont n\u00e9cessaires pour traiter les poils \u00e0 diff\u00e9rentes phases de leur cycle.<\/li>\n<\/ul>\n\n\n\n<h2 class=\"wp-block-heading has-text-align-center has-text-color has-link-color has-system-font-font-family has-medium-font-size wp-elements-44667886932eb41c0e622ff4891facd0\" style=\"color:#99792d;text-decoration:underline\"><strong><strong>Les contre-indications :<\/strong><\/strong><\/h2>\n\n\n\n<p class=\"has-text-color has-link-color wp-elements-52fc35544a15ae2c1973b314aa8e2874\" style=\"color:#99792d\">\u274c Grossesse &amp; allaitement<br>\u274c Exposition r\u00e9cente au soleil<br>\u274c Affections cutan\u00e9es : acn\u00e9 s\u00e9v\u00e8re, ecz\u00e9ma, psoriasis, infections\u2026<br>\u274c Peaux tr\u00e8s sensibles ou endommag\u00e9es (cicatrices ch\u00e9lo\u00efdes, br\u00fblures)<br>\u274c Certains m\u00e9dicaments (antibiotiques, AINS, traitements contre l\u2019acn\u00e9, anticoagulants)<br>\u274c D\u00e9s\u00e9quilibres hormonaux (SOPK) favorisant la repousse<br>\u274c Tatouages (le laser ne peut \u00eatre utilis\u00e9 dessus)<br>\u274c Poils blancs (moins r\u00e9actifs au traitement)<br>\u274c Herp\u00e8s actif sur la zone trait\u00e9e<\/p>\n\n\n\n<p class=\"has-text-align-center has-text-color has-link-color wp-elements-4cbbb4e702d4430875cc78329f4553b3\" style=\"color:#99792d\"><strong>Offrez-vous une peau douce et durablement&nbsp;nette&nbsp;!<\/strong><\/p>\n<\/div><\/div>\n\n\n\n<div class=\"wp-block-buttons is-content-justification-center is-layout-flex wp-container-core-buttons-is-layout-a89b3969 wp-block-buttons-is-layout-flex\">\n<div class=\"wp-block-button is-style-outline is-style-outline--3\"><a class=\"wp-block-button__link has-background-background-color has-text-color has-background has-link-color has-text-align-center wp-element-button\" href=\"https:\/\/www.institut-hygeia.fr\/wp-content\/uploads\/2025\/10\/TARIFS-EPILATION-LASER.jpg\" style=\"color:#99792d\">Tarifs<\/a><\/div>\n<\/div>\n\n\n\n<p><\/p>\n<\/div>\n\n\n\n<div class=\"wp-block-group alignfull has-background-color has-text-color has-background has-link-color wp-elements-8f38f261d8c015217c424840b3dbf340 is-layout-constrained wp-block-group-is-layout-constrained\" style=\"background-color:#99792d;padding-top:17px;padding-bottom:17px;background-image:url(&apos;https:\/\/www.insitut-hygeia.fr\/wp-content\/uploads\/2025\/05\/WhatsApp-Image-2025-05-04-a-10.53.01_083d7175.jpg&apos;);background-position:69% 54%;background-size:cover;\">\n<div class=\"wp-block-columns is-layout-flex wp-container-core-columns-is-layout-28f84493 wp-block-columns-is-layout-flex\">\n<div class=\"wp-block-column is-layout-flow wp-block-column-is-layout-flow\" style=\"flex-basis:25%\"><\/div>\n\n\n\n<div class=\"wp-block-column is-layout-flow wp-block-column-is-layout-flow\" style=\"flex-basis:50%\"><\/div>\n\n\n\n<div class=\"wp-block-column is-layout-flow wp-block-column-is-layout-flow\" style=\"flex-basis:25%\"><\/div>\n<\/div>\n\n\n\n<div class=\"wp-block-buttons is-content-justification-center is-layout-flex wp-container-core-buttons-is-layout-a89b3969 wp-block-buttons-is-layout-flex\">\n<div class=\"wp-block-button is-style-outline is-style-outline--4\"><a class=\"wp-block-button__link has-text-color has-link-color wp-element-button\" href=\"https:\/\/www.insitut-hygeia.fr\/index.php\/confidentialite\/\" style=\"color:#99792d\">Confidentialit\u00e9<\/a><\/div>\n\n\n\n<div class=\"wp-block-button is-style-outline is-style-outline--5\"><a class=\"wp-block-button__link has-text-color has-link-color wp-element-button\" href=\"https:\/\/www.insitut-hygeia.fr\/index.php\/tarifs-contact-2\/mentions-legales\/\" style=\"color:#99792d\">Mentions l\u00e9gales<\/a><\/div>\n<\/div>\n\n\n\n<p><\/p>\n\n\n\n<p class=\"has-text-align-center has-text-color has-link-color has-small-font-size wp-elements-689c484e3bd57beb21ca4fdd12761556\" style=\"color:#99792d\">HYGEIA INSTITUT<br>Salon Excel Coiffure &#8211; ZC Intermarch\u00e9 &#8211; ZAC la Poulasse &#8211; 83210 Solli\u00e8s-Pont<br>Si\u00e8ge social : 15 rue des coquelicots &#8211; 83210 Solli\u00e8s-Pont<br>SIRET : 937 782 951 000 19<br>07 59 69 25 26 &#8211; <a href=\"hygeia.institut@icloud.com\">hygeia.institut@icloud.com<\/a><br><\/p>\n<\/div>\n","protected":false},"excerpt":{"rendered":"<p>HYGEIA INSTITUT \u00c9pilation D\u00e9finitive au Laser Diode Profitez d\u2019une \u00e9pilation d\u00e9finitive sans douleur, adapt\u00e9e \u00e0 tous les phototypes, gr\u00e2ce \u00e0 un laser de derni\u00e8re g\u00e9n\u00e9ration Comment \u00e7a fonctionne ? Le laser cible la m\u00e9lanine du follicule pileux, g\u00e9n\u00e9rant une chaleur qui inhibe la repousse du poil. D\u00e9roulement d\u2019une s\u00e9ance : Les contre-indications : \u274c Grossesse [&hellip;]<\/p>\n","protected":false},"author":1,"featured_media":0,"parent":0,"menu_order":0,"comment_status":"closed","ping_status":"closed","template":"blank","meta":{"footnotes":""},"class_list":["post-18","page","type-page","status-publish","hentry"],"_links":{"self":[{"href":"https:\/\/www.institut-hygeia.fr\/index.php\/wp-json\/wp\/v2\/pages\/18","targetHints":{"allow":["GET"]}}],"collection":[{"href":"https:\/\/www.institut-hygeia.fr\/index.php\/wp-json\/wp\/v2\/pages"}],"about":[{"href":"https:\/\/www.institut-hygeia.fr\/index.php\/wp-json\/wp\/v2\/types\/page"}],"author":[{"embeddable":true,"href":"https:\/\/www.institut-hygeia.fr\/index.php\/wp-json\/wp\/v2\/users\/1"}],"replies":[{"embeddable":true,"href":"https:\/\/www.institut-hygeia.fr\/index.php\/wp-json\/wp\/v2\/comments?post=18"}],"version-history":[{"count":19,"href":"https:\/\/www.institut-hygeia.fr\/index.php\/wp-json\/wp\/v2\/pages\/18\/revisions"}],"predecessor-version":[{"id":402,"href":"https:\/\/www.institut-hygeia.fr\/index.php\/wp-json\/wp\/v2\/pages\/18\/revisions\/402"}],"wp:attachment":[{"href":"https:\/\/www.institut-hygeia.fr\/index.php\/wp-json\/wp\/v2\/media?parent=18"}],"curies":[{"name":"wp","href":"https:\/\/api.w.org\/{rel}","templated":true}]}}