{"id":20,"date":"2025-04-07T15:47:46","date_gmt":"2025-04-07T13:47:46","guid":{"rendered":"http:\/\/insituz.cluster021.hosting.ovh.net\/?page_id=20"},"modified":"2026-01-18T17:13:23","modified_gmt":"2026-01-18T16:13:23","slug":"ia-check-et-led","status":"publish","type":"page","link":"https:\/\/www.institut-hygeia.fr\/index.php\/ia-check-et-led\/","title":{"rendered":"IA Check et LED"},"content":{"rendered":"\n<div class=\"wp-block-group alignfull has-background-background-color has-text-color has-background has-link-color wp-elements-fdc01ca6ac688c4b3e53f1600a479e77 is-content-justification-space-between is-layout-flex wp-container-core-group-is-layout-70d69497 wp-block-group-is-layout-flex\" style=\"color:#99792d;padding-top:15px;padding-right:0px;padding-bottom:15px;padding-left:0px;background-image:url(&apos;https:\/\/www.institut-hygeia.fr\/wp-content\/uploads\/2025\/05\/WhatsApp-Image-2025-05-04-a-10.53.01_083d7175-1.jpg&apos;);background-position:88% 31%;background-size:cover;\">\n<figure class=\"wp-block-image size-full is-resized wp-duotone-unset-1\"><img loading=\"lazy\" decoding=\"async\" width=\"453\" height=\"600\" src=\"https:\/\/www.insitut-hygeia.fr\/wp-content\/uploads\/2025\/05\/WhatsApp-Image-2025-05-04-a-20.07.46_24928643.jpg\" alt=\"\" class=\"wp-image-306\" style=\"width:160px;height:auto\" srcset=\"https:\/\/www.institut-hygeia.fr\/wp-content\/uploads\/2025\/05\/WhatsApp-Image-2025-05-04-a-20.07.46_24928643.jpg 453w, https:\/\/www.institut-hygeia.fr\/wp-content\/uploads\/2025\/05\/WhatsApp-Image-2025-05-04-a-20.07.46_24928643-227x300.jpg 227w\" sizes=\"auto, (max-width: 453px) 100vw, 453px\" \/><\/figure>\n\n\n\n<div class=\"wp-block-group wp-container-content-9cfa9a5a is-content-justification-left is-layout-constrained wp-container-core-group-is-layout-12dd3699 wp-block-group-is-layout-constrained\">\n<p class=\"has-medium-font-size\"><strong>HYGEIA INSTITUT<\/strong><\/p>\n<\/div>\n\n\n<nav class=\"is-responsive items-justified-right wp-block-navigation is-content-justification-right is-layout-flex wp-container-core-navigation-is-layout-f665d2b5 wp-block-navigation-is-layout-flex\" aria-label=\"Menu 3\" \n\t\t data-wp-interactive=\"core\/navigation\" data-wp-context='{\"overlayOpenedBy\":{\"click\":false,\"hover\":false,\"focus\":false},\"type\":\"overlay\",\"roleAttribute\":\"\",\"ariaLabel\":\"Menu\"}'><button aria-haspopup=\"dialog\" aria-label=\"Ouvrir le menu\" class=\"wp-block-navigation__responsive-container-open\" \n\t\t\t\tdata-wp-on--click=\"actions.openMenuOnClick\"\n\t\t\t\tdata-wp-on--keydown=\"actions.handleMenuKeydown\"\n\t\t\t><svg width=\"24\" height=\"24\" xmlns=\"http:\/\/www.w3.org\/2000\/svg\" viewBox=\"0 0 24 24\" aria-hidden=\"true\" focusable=\"false\"><path d=\"M4 7.5h16v1.5H4z\"><\/path><path d=\"M4 15h16v1.5H4z\"><\/path><\/svg><\/button>\n\t\t\t\t<div class=\"wp-block-navigation__responsive-container\"  id=\"modal-2\" \n\t\t\t\tdata-wp-class--has-modal-open=\"state.isMenuOpen\"\n\t\t\t\tdata-wp-class--is-menu-open=\"state.isMenuOpen\"\n\t\t\t\tdata-wp-watch=\"callbacks.initMenu\"\n\t\t\t\tdata-wp-on--keydown=\"actions.handleMenuKeydown\"\n\t\t\t\tdata-wp-on--focusout=\"actions.handleMenuFocusout\"\n\t\t\t\ttabindex=\"-1\"\n\t\t\t>\n\t\t\t\t\t<div class=\"wp-block-navigation__responsive-close\" tabindex=\"-1\">\n\t\t\t\t\t\t<div class=\"wp-block-navigation__responsive-dialog\" \n\t\t\t\tdata-wp-bind--aria-modal=\"state.ariaModal\"\n\t\t\t\tdata-wp-bind--aria-label=\"state.ariaLabel\"\n\t\t\t\tdata-wp-bind--role=\"state.roleAttribute\"\n\t\t\t>\n\t\t\t\t\t\t\t<button aria-label=\"Fermer le menu\" class=\"wp-block-navigation__responsive-container-close\" \n\t\t\t\tdata-wp-on--click=\"actions.closeMenuOnClick\"\n\t\t\t><svg xmlns=\"http:\/\/www.w3.org\/2000\/svg\" viewBox=\"0 0 24 24\" width=\"24\" height=\"24\" aria-hidden=\"true\" focusable=\"false\"><path d=\"m13.06 12 6.47-6.47-1.06-1.06L12 10.94 5.53 4.47 4.47 5.53 10.94 12l-6.47 6.47 1.06 1.06L12 13.06l6.47 6.47 1.06-1.06L13.06 12Z\"><\/path><\/svg><\/button>\n\t\t\t\t\t\t\t<div class=\"wp-block-navigation__responsive-container-content\" \n\t\t\t\tdata-wp-watch=\"callbacks.focusFirstElement\"\n\t\t\t id=\"modal-2-content\">\n\t\t\t\t\t\t\t\t<ul class=\"wp-block-navigation__container is-responsive items-justified-right wp-block-navigation\"><li class=\" wp-block-navigation-item wp-block-navigation-link\"><a class=\"wp-block-navigation-item__content\"  href=\"https:\/\/www.insitut-hygeia.fr\/\"><span class=\"wp-block-navigation-item__label\">Accueil<\/span><\/a><\/li><li class=\" wp-block-navigation-item wp-block-navigation-link\"><a class=\"wp-block-navigation-item__content\"  href=\"https:\/\/www.institut-hygeia.fr\/index.php\/ia-check-et-led\/\"><span class=\"wp-block-navigation-item__label\">IA Check et LED<\/span><\/a><\/li><li class=\" wp-block-navigation-item wp-block-navigation-link\"><a class=\"wp-block-navigation-item__content\"  href=\"https:\/\/www.institut-hygeia.fr\/index.php\/jetpeel\/\"><span class=\"wp-block-navigation-item__label\">Jetpeel<\/span><\/a><\/li><li class=\" wp-block-navigation-item wp-block-navigation-link\"><a class=\"wp-block-navigation-item__content\"  href=\"https:\/\/www.institut-hygeia.fr\/index.php\/laser-epilatoire\/\"><span class=\"wp-block-navigation-item__label\">Laser \u00e9pilatoire<\/span><\/a><\/li><\/ul><ul class=\"wp-block-navigation__container is-responsive items-justified-right wp-block-navigation\"><li class=\" wp-block-navigation-item wp-block-navigation-link\"><a class=\"wp-block-navigation-item__content\"  href=\"https:\/\/www.institut-hygeia.fr\/index.php\/radiofrequence-lipocavitation\/\"><span class=\"wp-block-navigation-item__label\">Radiofr\u00e9quence et Lipocavitation<\/span><\/a><\/li><li data-wp-context=\"{ &quot;submenuOpenedBy&quot;: { &quot;click&quot;: false, &quot;hover&quot;: false, &quot;focus&quot;: false }, &quot;type&quot;: &quot;submenu&quot;, &quot;modal&quot;: null, &quot;previousFocus&quot;: null }\" data-wp-interactive=\"core\/navigation\" data-wp-on--focusout=\"actions.handleMenuFocusout\" data-wp-on--keydown=\"actions.handleMenuKeydown\" data-wp-on--mouseenter=\"actions.openMenuOnHover\" data-wp-on--mouseleave=\"actions.closeMenuOnHover\" data-wp-watch=\"callbacks.initMenu\" tabindex=\"-1\" class=\"wp-block-navigation-item has-child open-on-hover-click wp-block-navigation-submenu\"><a class=\"wp-block-navigation-item__content\" href=\"https:\/\/www.institut-hygeia.fr\/index.php\/tarifs-contact-2\/\"><span class=\"wp-block-navigation-item__label\">Contact<\/span><\/a><button data-wp-bind--aria-expanded=\"state.isMenuOpen\" data-wp-on--click=\"actions.toggleMenuOnClick\" aria-label=\"Sous-menu Contact\" class=\"wp-block-navigation__submenu-icon wp-block-navigation-submenu__toggle\" ><svg xmlns=\"http:\/\/www.w3.org\/2000\/svg\" width=\"12\" height=\"12\" viewBox=\"0 0 12 12\" fill=\"none\" aria-hidden=\"true\" focusable=\"false\"><path d=\"M1.50002 4L6.00002 8L10.5 4\" stroke-width=\"1.5\"><\/path><\/svg><\/button><ul data-wp-on--focus=\"actions.openMenuOnFocus\" class=\"wp-block-navigation__submenu-container wp-block-navigation-submenu\"><li class=\" wp-block-navigation-item wp-block-navigation-link\"><a class=\"wp-block-navigation-item__content\"  href=\"https:\/\/www.institut-hygeia.fr\/index.php\/tarifs-contact-2\/mentions-legales\/\"><span class=\"wp-block-navigation-item__label\">Mentions l\u00e9gales<\/span><\/a><\/li><li class=\" wp-block-navigation-item wp-block-navigation-link\"><a class=\"wp-block-navigation-item__content\"  href=\"https:\/\/www.institut-hygeia.fr\/index.php\/tarifs-contact-2\/confidentialite\/\"><span class=\"wp-block-navigation-item__label\">Confidentialit\u00e9<\/span><\/a><\/li><\/ul><\/li><\/ul>\n\t\t\t\t\t\t\t<\/div>\n\t\t\t\t\t\t<\/div>\n\t\t\t\t\t<\/div>\n\t\t\t\t<\/div><\/nav><\/div>\n\n\n\n<div class=\"wp-block-group alignfull has-border-color has-background-color has-background-background-color has-text-color has-background has-link-color wp-elements-a4c61aa9f32e698648acf7dbb422974c is-layout-constrained wp-block-group-is-layout-constrained\" style=\"border-color:#99792d;border-width:10px;padding-top:1.5rem;padding-bottom:1.5rem\">\n<div class=\"wp-block-media-text alignwide is-stacked-on-mobile is-vertically-aligned-center\" style=\"grid-template-columns:43% auto\"><figure class=\"wp-block-media-text__media\"><img loading=\"lazy\" decoding=\"async\" width=\"914\" height=\"1024\" src=\"http:\/\/insituz.cluster021.hosting.ovh.net\/wp-content\/uploads\/2025\/05\/WhatsApp-Image-2025-05-02-a-10.04.07_963ed8dd-914x1024.jpg\" alt=\"\" class=\"wp-image-219 size-full\" srcset=\"https:\/\/www.institut-hygeia.fr\/wp-content\/uploads\/2025\/05\/WhatsApp-Image-2025-05-02-a-10.04.07_963ed8dd-914x1024.jpg 914w, https:\/\/www.institut-hygeia.fr\/wp-content\/uploads\/2025\/05\/WhatsApp-Image-2025-05-02-a-10.04.07_963ed8dd-268x300.jpg 268w, https:\/\/www.institut-hygeia.fr\/wp-content\/uploads\/2025\/05\/WhatsApp-Image-2025-05-02-a-10.04.07_963ed8dd-768x861.jpg 768w, https:\/\/www.institut-hygeia.fr\/wp-content\/uploads\/2025\/05\/WhatsApp-Image-2025-05-02-a-10.04.07_963ed8dd.jpg 946w\" sizes=\"auto, (max-width: 914px) 100vw, 914px\" \/><\/figure><div class=\"wp-block-media-text__content\">\n<p class=\"has-text-align-center has-text-color has-link-color wp-elements-02a31ae9b28e48c10ef01158bdbca976\" style=\"color:#99792d;text-transform:uppercase\"><strong>IA Check &#8211; Diagnostic Peau par Intelligence Artificielle<\/strong><\/p>\n\n\n\n<p class=\"has-text-align-center has-text-color has-link-color wp-elements-56b3141219c7dd84a3cd2cebfdcd0aee\" style=\"color:#99792d\">Obtenez une analyse pr\u00e9cise et personnalis\u00e9e de votre peau gr\u00e2ce \u00e0 une technologie d\u2019intelligence artificielle avanc\u00e9e.<\/p>\n\n\n\n<h2 class=\"wp-block-heading has-text-align-center has-text-color has-link-color has-system-font-font-family has-medium-font-size wp-elements-3e3f445b1ec579d9a2a21904571d2b97\" style=\"color:#99792d;text-decoration:underline\"><strong><strong>Comment \u00e7a fonctionne ?<\/strong><\/strong><\/h2>\n\n\n\n<p class=\"has-text-align-center has-text-color has-link-color wp-elements-c52e49a3ee90718d581bdd1cdcbccafb\" style=\"color:#99792d\">L\u2019IA \u00e9value en d\u00e9tail l\u2019\u00e9tat de votre peau (hydratation, imperfections, signes de l\u2019\u00e2ge, sensibilit\u00e9\u2026) et vous propose un bilan sur-mesure.<\/p>\n\n\n\n<h2 class=\"wp-block-heading has-text-align-center has-text-color has-link-color has-system-font-font-family has-medium-font-size wp-elements-07e29bc400b37f28e260ddfb523cb06b\" style=\"color:#99792d;text-decoration:underline\"><strong><strong>Pourquoi faire un diagnostic IA ?<\/strong><\/strong><\/h2>\n\n\n\n<p class=\"has-text-align-center has-text-color has-link-color wp-elements-847c7bebc34a977b7b891a7bbe020824\" style=\"color:#99792d\">\u2714 Comprendre les besoins de votre peau<br>\u2714 Suivre son \u00e9volution au fil des soins<br>\u2714 Recevoir des recommandations adapt\u00e9es<br>Id\u00e9al avant tout soin !<br>B\u00e9n\u00e9ficiez d\u2019un accompagnement pr\u00e9cis et personnalis\u00e9 pour optimiser vos traitements esth\u00e9tiques.<\/p>\n\n\n\n<p class=\"has-text-align-center has-text-color has-link-color wp-elements-3723391262cdefd106040bdd54160958\" style=\"color:#99792d\"><strong>Prenez soin de votre peau en toute confiance !<\/strong><\/p>\n<\/div><\/div>\n<\/div>\n\n\n\n<div class=\"wp-block-group alignfull has-border-color has-background-color has-background-background-color has-text-color has-background has-link-color wp-elements-148a022519bdbdd8ce16f58f5a127b92 is-layout-constrained wp-block-group-is-layout-constrained\" style=\"border-color:#99792d;border-width:10px;padding-top:1.5rem;padding-bottom:1.5rem\">\n<div class=\"wp-block-media-text alignwide is-stacked-on-mobile is-vertically-aligned-center\" style=\"grid-template-columns:44% auto\"><figure class=\"wp-block-media-text__media\"><img loading=\"lazy\" decoding=\"async\" width=\"777\" height=\"827\" src=\"http:\/\/insituz.cluster021.hosting.ovh.net\/wp-content\/uploads\/2025\/05\/WhatsApp-Image-2025-05-02-a-10.04.58_02e815b4.jpg\" alt=\"\" class=\"wp-image-220 size-full\" srcset=\"https:\/\/www.institut-hygeia.fr\/wp-content\/uploads\/2025\/05\/WhatsApp-Image-2025-05-02-a-10.04.58_02e815b4.jpg 777w, https:\/\/www.institut-hygeia.fr\/wp-content\/uploads\/2025\/05\/WhatsApp-Image-2025-05-02-a-10.04.58_02e815b4-282x300.jpg 282w, https:\/\/www.institut-hygeia.fr\/wp-content\/uploads\/2025\/05\/WhatsApp-Image-2025-05-02-a-10.04.58_02e815b4-768x817.jpg 768w\" sizes=\"auto, (max-width: 777px) 100vw, 777px\" \/><\/figure><div class=\"wp-block-media-text__content\">\n<p class=\"has-text-align-center has-text-color has-link-color wp-elements-152b099709924b28e9e6b299b614f1fb\" style=\"color:#99792d\"><strong>LED &#8211; LUMINOTH\u00c9RAPIE &#8211; SOIN INNOVANT &#8211; INDOLORE<\/strong><\/p>\n\n\n\n<p class=\"has-text-align-center has-text-color has-link-color wp-elements-1105b20c4b0e9a4cfe4e4d807e142c30\" style=\"color:#99792d\">La luminoth\u00e9rapie LED utilise 3 types de lumi\u00e8re pour traiter diverses probl\u00e9matiques cutan\u00e9es, de mani\u00e8re indolore et efficace.<\/p>\n\n\n\n<ul class=\"wp-block-list\">\n<li class=\"has-text-color has-link-color wp-elements-6a262d66589f1867c1502ed202dd66b7\" style=\"color:#99792d\">Lumi\u00e8re rouge : Anti-\u00e2ge, vergetures, cicatrices<\/li>\n\n\n\n<li class=\"has-text-color has-link-color wp-elements-3b44671df882b1c043307c486b78279c\" style=\"color:#99792d\">Lumi\u00e8re jaune : Teint terne, peau rel\u00e2ch\u00e9e<\/li>\n\n\n\n<li class=\"has-text-color has-link-color wp-elements-336683aff317aba9fbada2682567193b\" style=\"color:#99792d\">Lumi\u00e8re bleue : Imperfections cutan\u00e9es, purification<\/li>\n<\/ul>\n\n\n\n<h2 class=\"wp-block-heading has-text-align-center has-text-color has-link-color has-system-font-font-family has-medium-font-size wp-elements-f14d6b44b25bb8944777729cd1ec8f4b\" style=\"color:#99792d;text-decoration:underline\"><strong><strong>Les avantages<\/strong><\/strong><\/h2>\n\n\n\n<p class=\"has-text-align-center has-text-color has-link-color wp-elements-80bdcf75c3334b507e1b05fdb834c43f\" style=\"color:#99792d\">\u2714 Stimulation du collag\u00e8ne : Am\u00e9liore la fermet\u00e9 et l&rsquo;\u00e9lasticit\u00e9 de la peau<br>\u2714 R\u00e9duction des imperfections : Lutte contre les bact\u00e9ries responsables des inflammations cutan\u00e9es<br>\u2714 Am\u00e9lioration de la circulation sanguine : Boost de l&rsquo;\u00e9clat et de la texture de la peau<br>\u2714 R\u00e9g\u00e9n\u00e9ration cellulaire : Att\u00e9nue les rides, les taches de vieillesse et am\u00e9liore la fermet\u00e9<br>\u2714 Optimisation des r\u00e9sultats : Lorsqu\u2019associ\u00e9e \u00e0 d\u2019autres technologies comme le JetPeel<\/p>\n\n\n\n<p class=\"has-text-align-center has-text-color has-link-color has-system-font-font-family has-medium-font-size wp-elements-fc91cb56be7c12f412137b1ee7c6c9d5\" style=\"color:#99792d;text-decoration:underline\"><strong>Les contre-indications<\/strong><\/p>\n\n\n\n<p class=\"has-text-color has-link-color wp-elements-655f3d8504b76383cb71bf73b744d193\" style=\"color:#99792d\">\u274c Grossesse et allaitement<br>\u274c Photosensibilit\u00e9 (m\u00e9dicaments ou affections li\u00e9es)<br>\u274c Cancer de la peau<br>\u274c \u00c9pilepsie<br>\u274c Infections cutan\u00e9es actives ou plaies ouvertes<\/p>\n\n\n\n<p class=\"has-text-align-center has-text-color has-link-color wp-elements-66f1aa4cfc0bea41f44174fb7e1d6aed\" style=\"color:#99792d;text-decoration:underline\"><strong>Les r\u00e9sultats attendus :<\/strong><\/p>\n\n\n\n<p class=\"has-text-color has-link-color wp-elements-0a6cbe560553133fc3b810cc71c0b663\" style=\"color:#99792d\">Am\u00e9lioration progressive de la texture, \u00e9lasticit\u00e9 et clart\u00e9 de la peau apr\u00e8s quelques s\u00e9ances. Att\u00e9nuation des cicatrices, vergetures, rides et imperfections. Des r\u00e9sultats prouv\u00e9s, indolores et non invasifs.<br>Premier rendez-vous offert pour un diagnostic personnalis\u00e9 et choisir les soins les mieux adapt\u00e9s \u00e0 votre peau.<\/p>\n\n\n\n<p class=\"has-text-align-center has-text-color has-link-color wp-elements-0b7867a4f65ed5a79aa227d4dd13de42\" style=\"color:#99792d\"><strong>R\u00e9v\u00e9lez l\u2019\u00e9clat naturel&nbsp;de&nbsp;votre&nbsp;peau&nbsp;!<\/strong><\/p>\n<\/div><\/div>\n<\/div>\n\n\n\n<div class=\"wp-block-group alignfull has-background-color has-text-color has-background has-link-color wp-elements-8f38f261d8c015217c424840b3dbf340 is-layout-constrained wp-block-group-is-layout-constrained\" style=\"background-color:#99792d;padding-top:17px;padding-bottom:17px;background-image:url(&apos;https:\/\/www.insitut-hygeia.fr\/wp-content\/uploads\/2025\/05\/WhatsApp-Image-2025-05-04-a-10.53.01_083d7175.jpg&apos;);background-position:69% 54%;background-size:cover;\">\n<div class=\"wp-block-columns is-layout-flex wp-container-core-columns-is-layout-28f84493 wp-block-columns-is-layout-flex\">\n<div class=\"wp-block-column is-layout-flow wp-block-column-is-layout-flow\" style=\"flex-basis:25%\"><\/div>\n\n\n\n<div class=\"wp-block-column is-layout-flow wp-block-column-is-layout-flow\" style=\"flex-basis:50%\"><\/div>\n\n\n\n<div class=\"wp-block-column is-layout-flow wp-block-column-is-layout-flow\" style=\"flex-basis:25%\"><\/div>\n<\/div>\n\n\n\n<div class=\"wp-block-buttons is-content-justification-center is-layout-flex wp-container-core-buttons-is-layout-a89b3969 wp-block-buttons-is-layout-flex\">\n<div class=\"wp-block-button is-style-outline is-style-outline--3\"><a class=\"wp-block-button__link has-text-color has-link-color wp-element-button\" href=\"https:\/\/www.insitut-hygeia.fr\/index.php\/confidentialite\/\" style=\"color:#99792d\">Confidentialit\u00e9<\/a><\/div>\n\n\n\n<div class=\"wp-block-button is-style-outline is-style-outline--4\"><a class=\"wp-block-button__link has-text-color has-link-color wp-element-button\" href=\"https:\/\/www.insitut-hygeia.fr\/index.php\/tarifs-contact-2\/mentions-legales\/\" style=\"color:#99792d\">Mentions l\u00e9gales<\/a><\/div>\n<\/div>\n\n\n\n<p><\/p>\n\n\n\n<p class=\"has-text-align-center has-text-color has-link-color has-small-font-size wp-elements-689c484e3bd57beb21ca4fdd12761556\" style=\"color:#99792d\">HYGEIA INSTITUT<br>Salon Excel Coiffure &#8211; ZC Intermarch\u00e9 &#8211; ZAC la Poulasse &#8211; 83210 Solli\u00e8s-Pont<br>Si\u00e8ge social : 15 rue des coquelicots &#8211; 83210 Solli\u00e8s-Pont<br>SIRET : 937 782 951 000 19<br>07 59 69 25 26 &#8211; <a href=\"hygeia.institut@icloud.com\">hygeia.institut@icloud.com<\/a><br><\/p>\n<\/div>\n","protected":false},"excerpt":{"rendered":"<p>HYGEIA INSTITUT IA Check &#8211; Diagnostic Peau par Intelligence Artificielle Obtenez une analyse pr\u00e9cise et personnalis\u00e9e de votre peau gr\u00e2ce \u00e0 une technologie d\u2019intelligence artificielle avanc\u00e9e. Comment \u00e7a fonctionne ? L\u2019IA \u00e9value en d\u00e9tail l\u2019\u00e9tat de votre peau (hydratation, imperfections, signes de l\u2019\u00e2ge, sensibilit\u00e9\u2026) et vous propose un bilan sur-mesure. Pourquoi faire un diagnostic IA [&hellip;]<\/p>\n","protected":false},"author":1,"featured_media":0,"parent":0,"menu_order":0,"comment_status":"closed","ping_status":"closed","template":"blank","meta":{"footnotes":""},"class_list":["post-20","page","type-page","status-publish","hentry"],"_links":{"self":[{"href":"https:\/\/www.institut-hygeia.fr\/index.php\/wp-json\/wp\/v2\/pages\/20","targetHints":{"allow":["GET"]}}],"collection":[{"href":"https:\/\/www.institut-hygeia.fr\/index.php\/wp-json\/wp\/v2\/pages"}],"about":[{"href":"https:\/\/www.institut-hygeia.fr\/index.php\/wp-json\/wp\/v2\/types\/page"}],"author":[{"embeddable":true,"href":"https:\/\/www.institut-hygeia.fr\/index.php\/wp-json\/wp\/v2\/users\/1"}],"replies":[{"embeddable":true,"href":"https:\/\/www.institut-hygeia.fr\/index.php\/wp-json\/wp\/v2\/comments?post=20"}],"version-history":[{"count":32,"href":"https:\/\/www.institut-hygeia.fr\/index.php\/wp-json\/wp\/v2\/pages\/20\/revisions"}],"predecessor-version":[{"id":400,"href":"https:\/\/www.institut-hygeia.fr\/index.php\/wp-json\/wp\/v2\/pages\/20\/revisions\/400"}],"wp:attachment":[{"href":"https:\/\/www.institut-hygeia.fr\/index.php\/wp-json\/wp\/v2\/media?parent=20"}],"curies":[{"name":"wp","href":"https:\/\/api.w.org\/{rel}","templated":true}]}}