{"id":282,"date":"2025-05-04T18:15:01","date_gmt":"2025-05-04T16:15:01","guid":{"rendered":"https:\/\/www.insitut-hygeia.fr\/?page_id=282"},"modified":"2025-05-07T16:35:21","modified_gmt":"2025-05-07T14:35:21","slug":"confidentialite","status":"publish","type":"page","link":"https:\/\/www.institut-hygeia.fr\/index.php\/tarifs-contact-2\/confidentialite\/","title":{"rendered":"Confidentialit\u00e9"},"content":{"rendered":"\n<div class=\"wp-block-group alignfull has-text-color has-link-color wp-elements-e35b3cead2d45d58c1c9886c0e08b122 is-content-justification-space-between is-layout-flex wp-container-core-group-is-layout-70d69497 wp-block-group-is-layout-flex has-background\" style=\"color:#99792d;padding-top:15px;padding-right:0px;padding-bottom:15px;padding-left:0px;background-image:url(&apos;http:\/\/insituz.cluster021.hosting.ovh.net\/wp-content\/uploads\/2025\/05\/WhatsApp-Image-2025-05-04-a-10.53.01_083d7175.jpg&apos;);background-position:45% 16%;background-size:cover;\">\n<figure class=\"wp-block-image size-full is-resized wp-duotone-unset-1\"><img loading=\"lazy\" decoding=\"async\" width=\"453\" height=\"600\" src=\"https:\/\/www.insitut-hygeia.fr\/wp-content\/uploads\/2025\/05\/WhatsApp-Image-2025-05-04-a-20.07.46_24928643.jpg\" alt=\"\" class=\"wp-image-306\" style=\"width:160px;height:auto\" srcset=\"https:\/\/www.institut-hygeia.fr\/wp-content\/uploads\/2025\/05\/WhatsApp-Image-2025-05-04-a-20.07.46_24928643.jpg 453w, https:\/\/www.institut-hygeia.fr\/wp-content\/uploads\/2025\/05\/WhatsApp-Image-2025-05-04-a-20.07.46_24928643-227x300.jpg 227w\" sizes=\"auto, (max-width: 453px) 100vw, 453px\" \/><\/figure>\n\n\n\n<div class=\"wp-block-group wp-container-content-9cfa9a5a is-content-justification-left is-layout-constrained wp-container-core-group-is-layout-12dd3699 wp-block-group-is-layout-constrained\">\n<p class=\"has-medium-font-size\"><strong>HYGEIA INSTITUT<\/strong><\/p>\n<\/div>\n\n\n<nav class=\"is-responsive items-justified-right wp-block-navigation is-content-justification-right is-layout-flex wp-container-core-navigation-is-layout-f665d2b5 wp-block-navigation-is-layout-flex\" aria-label=\"Menu 3\" \n\t\t data-wp-interactive=\"core\/navigation\" data-wp-context='{\"overlayOpenedBy\":{\"click\":false,\"hover\":false,\"focus\":false},\"type\":\"overlay\",\"roleAttribute\":\"\",\"ariaLabel\":\"Menu\"}'><button aria-haspopup=\"dialog\" aria-label=\"Ouvrir le menu\" class=\"wp-block-navigation__responsive-container-open\" \n\t\t\t\tdata-wp-on--click=\"actions.openMenuOnClick\"\n\t\t\t\tdata-wp-on--keydown=\"actions.handleMenuKeydown\"\n\t\t\t><svg width=\"24\" height=\"24\" xmlns=\"http:\/\/www.w3.org\/2000\/svg\" viewBox=\"0 0 24 24\" aria-hidden=\"true\" focusable=\"false\"><path d=\"M4 7.5h16v1.5H4z\"><\/path><path d=\"M4 15h16v1.5H4z\"><\/path><\/svg><\/button>\n\t\t\t\t<div class=\"wp-block-navigation__responsive-container\"  id=\"modal-2\" \n\t\t\t\tdata-wp-class--has-modal-open=\"state.isMenuOpen\"\n\t\t\t\tdata-wp-class--is-menu-open=\"state.isMenuOpen\"\n\t\t\t\tdata-wp-watch=\"callbacks.initMenu\"\n\t\t\t\tdata-wp-on--keydown=\"actions.handleMenuKeydown\"\n\t\t\t\tdata-wp-on--focusout=\"actions.handleMenuFocusout\"\n\t\t\t\ttabindex=\"-1\"\n\t\t\t>\n\t\t\t\t\t<div class=\"wp-block-navigation__responsive-close\" tabindex=\"-1\">\n\t\t\t\t\t\t<div class=\"wp-block-navigation__responsive-dialog\" \n\t\t\t\tdata-wp-bind--aria-modal=\"state.ariaModal\"\n\t\t\t\tdata-wp-bind--aria-label=\"state.ariaLabel\"\n\t\t\t\tdata-wp-bind--role=\"state.roleAttribute\"\n\t\t\t>\n\t\t\t\t\t\t\t<button aria-label=\"Fermer le menu\" class=\"wp-block-navigation__responsive-container-close\" \n\t\t\t\tdata-wp-on--click=\"actions.closeMenuOnClick\"\n\t\t\t><svg xmlns=\"http:\/\/www.w3.org\/2000\/svg\" viewBox=\"0 0 24 24\" width=\"24\" height=\"24\" aria-hidden=\"true\" focusable=\"false\"><path d=\"m13.06 12 6.47-6.47-1.06-1.06L12 10.94 5.53 4.47 4.47 5.53 10.94 12l-6.47 6.47 1.06 1.06L12 13.06l6.47 6.47 1.06-1.06L13.06 12Z\"><\/path><\/svg><\/button>\n\t\t\t\t\t\t\t<div class=\"wp-block-navigation__responsive-container-content\" \n\t\t\t\tdata-wp-watch=\"callbacks.focusFirstElement\"\n\t\t\t id=\"modal-2-content\">\n\t\t\t\t\t\t\t\t<ul class=\"wp-block-navigation__container is-responsive items-justified-right wp-block-navigation\"><li class=\" wp-block-navigation-item wp-block-navigation-link\"><a class=\"wp-block-navigation-item__content\"  href=\"https:\/\/www.insitut-hygeia.fr\/\"><span class=\"wp-block-navigation-item__label\">Accueil<\/span><\/a><\/li><li class=\" wp-block-navigation-item wp-block-navigation-link\"><a class=\"wp-block-navigation-item__content\"  href=\"https:\/\/www.institut-hygeia.fr\/index.php\/ia-check-et-led\/\"><span class=\"wp-block-navigation-item__label\">IA Check et LED<\/span><\/a><\/li><li class=\" wp-block-navigation-item wp-block-navigation-link\"><a class=\"wp-block-navigation-item__content\"  href=\"https:\/\/www.institut-hygeia.fr\/index.php\/jetpeel\/\"><span class=\"wp-block-navigation-item__label\">Jetpeel<\/span><\/a><\/li><li class=\" wp-block-navigation-item wp-block-navigation-link\"><a class=\"wp-block-navigation-item__content\"  href=\"https:\/\/www.institut-hygeia.fr\/index.php\/laser-epilatoire\/\"><span class=\"wp-block-navigation-item__label\">Laser \u00e9pilatoire<\/span><\/a><\/li><\/ul><ul class=\"wp-block-navigation__container is-responsive items-justified-right wp-block-navigation\"><li class=\" wp-block-navigation-item wp-block-navigation-link\"><a class=\"wp-block-navigation-item__content\"  href=\"https:\/\/www.institut-hygeia.fr\/index.php\/radiofrequence-lipocavitation\/\"><span class=\"wp-block-navigation-item__label\">Radiofr\u00e9quence et Lipocavitation<\/span><\/a><\/li><li data-wp-context=\"{ &quot;submenuOpenedBy&quot;: { &quot;click&quot;: false, &quot;hover&quot;: false, &quot;focus&quot;: false }, &quot;type&quot;: &quot;submenu&quot;, &quot;modal&quot;: null, &quot;previousFocus&quot;: null }\" data-wp-interactive=\"core\/navigation\" data-wp-on--focusout=\"actions.handleMenuFocusout\" data-wp-on--keydown=\"actions.handleMenuKeydown\" data-wp-on--mouseenter=\"actions.openMenuOnHover\" data-wp-on--mouseleave=\"actions.closeMenuOnHover\" data-wp-watch=\"callbacks.initMenu\" tabindex=\"-1\" class=\"wp-block-navigation-item has-child open-on-hover-click wp-block-navigation-submenu\"><a class=\"wp-block-navigation-item__content\" href=\"https:\/\/www.institut-hygeia.fr\/index.php\/tarifs-contact-2\/\"><span class=\"wp-block-navigation-item__label\">Contact<\/span><\/a><button data-wp-bind--aria-expanded=\"state.isMenuOpen\" data-wp-on--click=\"actions.toggleMenuOnClick\" aria-label=\"Sous-menu Contact\" class=\"wp-block-navigation__submenu-icon wp-block-navigation-submenu__toggle\" ><svg xmlns=\"http:\/\/www.w3.org\/2000\/svg\" width=\"12\" height=\"12\" viewBox=\"0 0 12 12\" fill=\"none\" aria-hidden=\"true\" focusable=\"false\"><path d=\"M1.50002 4L6.00002 8L10.5 4\" stroke-width=\"1.5\"><\/path><\/svg><\/button><ul data-wp-on--focus=\"actions.openMenuOnFocus\" class=\"wp-block-navigation__submenu-container wp-block-navigation-submenu\"><li class=\" wp-block-navigation-item wp-block-navigation-link\"><a class=\"wp-block-navigation-item__content\"  href=\"https:\/\/www.institut-hygeia.fr\/index.php\/tarifs-contact-2\/mentions-legales\/\"><span class=\"wp-block-navigation-item__label\">Mentions l\u00e9gales<\/span><\/a><\/li><li class=\" wp-block-navigation-item wp-block-navigation-link\"><a class=\"wp-block-navigation-item__content\"  href=\"https:\/\/www.institut-hygeia.fr\/index.php\/tarifs-contact-2\/confidentialite\/\"><span class=\"wp-block-navigation-item__label\">Confidentialit\u00e9<\/span><\/a><\/li><\/ul><\/li><\/ul>\n\t\t\t\t\t\t\t<\/div>\n\t\t\t\t\t\t<\/div>\n\t\t\t\t\t<\/div>\n\t\t\t\t<\/div><\/nav><\/div>\n\n\n\n<div class=\"wp-block-columns alignwide has-text-color has-link-color wp-elements-4917efc300de59c6e0a8486bef952dff is-layout-flex wp-container-core-columns-is-layout-28f84493 wp-block-columns-is-layout-flex\" style=\"color:#99792d\">\n<div class=\"wp-block-column is-layout-flow wp-block-column-is-layout-flow\">\n<hr class=\"wp-block-separator has-text-color has-alpha-channel-opacity has-background is-style-wide\" style=\"background-color:#99792d;color:#99792d\"\/>\n\n\n\n<p class=\"has-text-align-center has-text-color has-link-color has-small-font-size wp-elements-1bef6143cbf98e3c124dfd41765066ed\" style=\"color:#99792d\">HYGEIA INSTITUT<br>15 rue des coquelicots<br>83210 Solli\u00e8s-Pont<\/p>\n\n\n\n<div class=\"wp-block-buttons is-layout-flex wp-block-buttons-is-layout-flex\">\n<div class=\"wp-block-button has-custom-width wp-block-button__width-100 is-style-outline is-style-outline--3\"><a class=\"wp-block-button__link has-background-background-color has-text-color has-background has-link-color wp-element-button\" href=\"https:\/\/www.google.com\/maps?gs_lcrp=EgZjaHJvbWUyBggAEEUYOTIKCAEQABiABBiiBDIKCAIQABiABBiiBDIKCAMQABiABBiiBDIKCAQQABiABBiiBNIBCDIxOTRqMGo3qAIAsAIA&amp;um=1&amp;ie=UTF-8&amp;fb=1&amp;gl=fr&amp;sa=X&amp;geocode=KSshyUnJF8kSMTm2rAIu-HO6&amp;daddr=15+Rue+des+Coquelicots,+83210+Solli%C3%A8s-Pont\" style=\"color:#99792d\"><strong>Itin\u00e9raire<\/strong><\/a><\/div>\n<\/div>\n\n\n\n<div style=\"height:16px\" aria-hidden=\"true\" class=\"wp-block-spacer\"><\/div>\n<\/div>\n\n\n\n<div class=\"wp-block-column is-layout-flow wp-block-column-is-layout-flow\">\n<hr class=\"wp-block-separator has-css-opacity is-style-wide\"\/>\n\n\n\n<p class=\"has-text-align-center has-text-color has-link-color has-small-font-size wp-elements-a8600108658f788e2f1854162256ca7e\" style=\"color:#99792d\">07 59 69 25 26<br><a href=\"hygeia.institut@icloud.com\">hygeia.institut@icloud.com<br><\/a><a href=\"https:\/\/www.instagram.com\/hygeia.institut\/profilecard\/?igsh=Mmx2cWxhYWs3N3d0&amp;fbclid=IwY2xjawKEDPVleHRuA2FlbQIxMAABHswni_6KnxnGbAdLieSaQDNwlsJGhk9F0LH7HI2vQy76E6YbdnU8LYQ3lwVH_aem_33H6XDInMDMGje0aDyX_lg\">@hygeia.institut<\/a><\/p>\n\n\n\n<div class=\"wp-block-buttons is-layout-flex wp-block-buttons-is-layout-flex\">\n<div class=\"wp-block-button has-custom-width wp-block-button__width-100 is-style-outline is-style-outline--4\"><a class=\"wp-block-button__link has-background-background-color has-text-color has-background has-link-color wp-element-button\" href=\"http:\/\/0699037206\" style=\"color:#99792d\"><strong>T\u00e9l\u00e9phone<\/strong><\/a><\/div>\n<\/div>\n<\/div>\n\n\n\n<div class=\"wp-block-column is-layout-flow wp-block-column-is-layout-flow\">\n<hr class=\"wp-block-separator has-text-color has-alpha-channel-opacity has-background is-style-wide\" style=\"background-color:#99792d;color:#99792d\"\/>\n\n\n\n<p class=\"has-text-align-center has-text-color has-link-color has-small-font-size wp-elements-2ad0203cbe46e14bcd178af8f4663880\" style=\"color:#99792d\">Prenez rendez-vous directement <br>en ligne sur Planity.<br>Du lundi au samedi, de 9h00 \u00e0 18h00.<\/p>\n\n\n\n<div class=\"wp-block-buttons is-layout-flex wp-block-buttons-is-layout-flex\">\n<div class=\"wp-block-button has-custom-width wp-block-button__width-100 is-style-outline is-style-outline--5\"><a class=\"wp-block-button__link has-background-background-color has-text-color has-background has-link-color wp-element-button\" href=\"https:\/\/www.planity.com\/hygeia-institut-jetpeel-et-epilation-laser-83210-sollies-pont\" style=\"color:#99792d\"><strong>R\u00e9servation<\/strong><\/a><\/div>\n<\/div>\n\n\n\n<div style=\"height:16px\" aria-hidden=\"true\" class=\"wp-block-spacer\"><\/div>\n<\/div>\n<\/div>\n\n\n\n<h3 class=\"wp-block-heading has-text-align-center has-system-font-font-family has-large-font-size\"><strong>MENTIONS L\u00c9GALES<\/strong><\/h3>\n\n\n\n<div class=\"wp-block-group alignwide is-layout-constrained wp-block-group-is-layout-constrained\">\n<p><strong>Derni\u00e8re mise \u00e0 jour :&nbsp;<\/strong>01\/05\/2025<\/p>\n\n\n\n<p>La pr\u00e9sente Politique de Confidentialit\u00e9 a pour objectif de vous informer sur la collecte, l\u2019utilisation et la protection de vos donn\u00e9es personnelles lorsque vous utilisez notre site internet <strong>institut-hygeia.fr<\/strong>.<\/p>\n\n\n\n<p>Nous nous engageons \u00e0 prot\u00e9ger la confidentialit\u00e9 et la s\u00e9curit\u00e9 de vos donn\u00e9es personnelles conform\u00e9ment aux lois en vigueur. Notamment le R\u00e8glement G\u00e9n\u00e9ral sur la Protection des Donn\u00e9es (RGPD) et la loi Informatique et Libert\u00e9s.<\/p>\n<\/div>\n\n\n\n<h4 class=\"wp-block-heading has-system-font-font-family has-large-font-size\">1.&nbsp;<strong>Qui sommes-nous ?<\/strong><\/h4>\n\n\n\n<p>Le site institut-hygeia.fr est \u00e9dit\u00e9 par la soci\u00e9t\u00e9&nbsp;<strong>SAS INSTITUT HYGEIA<\/strong>,<br>Immatricul\u00e9e sous le num\u00e9ro de SIRET <strong>937 782 951 000 19<\/strong>.<br>Si\u00e8ge social au&nbsp;<strong>15 rue des coquelicots, 83210 SOLLI\u00c8S-PONT<\/strong>, France. Vous pouvez nous contacter \u00e0 l\u2019adresse suivante :&nbsp;<strong><a><\/a><a href=\"hygeia.institut@icloud.com\">hygeia.institut@icloud.com<\/a><\/strong>.<\/p>\n\n\n\n<h3 class=\"wp-block-heading has-system-font-font-family has-large-font-size\">2.&nbsp;<strong>Quelles donn\u00e9es collectons-nous ?<\/strong><\/h3>\n\n\n\n<p>Nous collectons diff\u00e9rentes cat\u00e9gories de donn\u00e9es personnelles lorsque vous interagissez avec notre site :<\/p>\n\n\n\n<ul class=\"wp-block-list\">\n<li><strong>Donn\u00e9es d\u2019identification<\/strong>&nbsp;: nom, pr\u00e9nom, email, num\u00e9ro de t\u00e9l\u00e9phone.<\/li>\n\n\n\n<li><strong>Donn\u00e9es de navigation<\/strong>&nbsp;: adresses IP, informations relatives aux cookies, donn\u00e9es relatives \u00e0 votre comportement de navigation.<\/li>\n\n\n\n<li><strong>Donn\u00e9es relatives aux transactions<\/strong>&nbsp;: informations li\u00e9es aux achats ou demandes de services effectu\u00e9s sur notre site.<\/li>\n<\/ul>\n\n\n\n<p>Nous collectons ces donn\u00e9es directement aupr\u00e8s de vous, soit lorsque vous remplissez des formulaires sur notre site, soit par l\u2019interm\u00e9diaire des cookies et autres technologies similaires utilis\u00e9es pour analyser l\u2019utilisation de notre site.<\/p>\n\n\n\n<h3 class=\"wp-block-heading has-system-font-font-family has-large-font-size\">3.&nbsp;<strong>Pourquoi collectons-nous vos donn\u00e9es ?<\/strong><\/h3>\n\n\n\n<p>Les donn\u00e9es personnelles que nous collectons sont utilis\u00e9es pour les finalit\u00e9s suivantes :<\/p>\n\n\n\n<ul class=\"wp-block-list\">\n<li><strong>Fournir nos services<\/strong>&nbsp;: traiter vos demandes, r\u00e9pondre \u00e0 vos questions, g\u00e9rer vos commandes ou abonnements.<\/li>\n\n\n\n<li><strong>Am\u00e9liorer notre site<\/strong>&nbsp;: analyser l\u2019utilisation de notre site pour en am\u00e9liorer l\u2019exp\u00e9rience utilisateur.<\/li>\n\n\n\n<li><strong>Communication<\/strong>&nbsp;: vous envoyer des informations, des offres promotionnelles, des newsletters ou des mises \u00e0 jour li\u00e9es \u00e0 nos services.<\/li>\n\n\n\n<li><strong>Conformit\u00e9 l\u00e9gale<\/strong>&nbsp;: respecter nos obligations l\u00e9gales, y compris celles li\u00e9es \u00e0 la facturation et \u00e0 la gestion de la relation client.<\/li>\n<\/ul>\n\n\n\n<h3 class=\"wp-block-heading has-system-font-font-family has-large-font-size\">4.&nbsp;<strong>Base l\u00e9gale du traitement<\/strong><\/h3>\n\n\n\n<p>Nous traitons vos donn\u00e9es personnelles uniquement lorsque nous avons une base l\u00e9gale valable. Selon le cas, cela peut \u00eatre :<\/p>\n\n\n\n<ul class=\"wp-block-list\">\n<li><strong>Votre consentement<\/strong>&nbsp;: lorsque vous acceptez de nous fournir vos donn\u00e9es pour certaines finalit\u00e9s (ex : abonnements \u00e0 une newsletter).<\/li>\n\n\n\n<li><strong>L\u2019ex\u00e9cution d\u2019un contrat<\/strong>&nbsp;: pour ex\u00e9cuter un contrat avec vous ou r\u00e9pondre \u00e0 vos demandes (ex : commande de services).<\/li>\n\n\n\n<li><strong>Int\u00e9r\u00eats l\u00e9gitimes<\/strong>&nbsp;: dans le cadre de l\u2019am\u00e9lioration continue de nos services ou de la s\u00e9curit\u00e9 de notre site.<\/li>\n\n\n\n<li><strong>Obligations l\u00e9gales<\/strong>&nbsp;: pour respecter nos obligations l\u00e9gales, notamment fiscales et comptables.<\/li>\n<\/ul>\n\n\n\n<h3 class=\"wp-block-heading has-system-font-font-family has-large-font-size\">5.&nbsp;<strong>Partage de vos donn\u00e9es<\/strong><\/h3>\n\n\n\n<p>Nous nous engageons \u00e0 ne pas vendre, louer ou partager vos donn\u00e9es personnelles avec des tiers, sauf dans les cas suivants.<\/p>\n\n\n\n<ul class=\"wp-block-list\">\n<li><strong>Sous-traitants<\/strong>&nbsp;: Nous pouvons partager vos donn\u00e9es avec nos prestataires de services (h\u00e9bergement, marketing, etc.) qui traitent vos donn\u00e9es pour notre compte et sous notre responsabilit\u00e9.<\/li>\n\n\n\n<li><strong>Partenaires commerciaux<\/strong>&nbsp;: Avec votre consentement, nous pouvons partager certaines de vos informations avec des partenaires commerciaux pour vous fournir des services ou produits suppl\u00e9mentaires.<\/li>\n\n\n\n<li><strong>Obligations l\u00e9gales<\/strong>&nbsp;: Si la loi l\u2019exige, nous pourrions \u00eatre amen\u00e9s \u00e0 divulguer vos donn\u00e9es personnelles \u00e0 des autorit\u00e9s judiciaires ou administratives.<\/li>\n<\/ul>\n\n\n\n<h3 class=\"wp-block-heading has-system-font-font-family has-large-font-size\">6.&nbsp;<strong>Cookies<\/strong><\/h3>\n\n\n\n<p>Nous utilisons des cookies pour am\u00e9liorer l\u2019exp\u00e9rience utilisateur et pour analyser l\u2019utilisation de notre site. Pour en savoir plus sur la mani\u00e8re dont nous utilisons les cookies et comment vous pouvez les g\u00e9rer, consultez notre&nbsp;<a>Politique de Cookies<\/a>.<\/p>\n\n\n\n<h3 class=\"wp-block-heading has-system-font-font-family has-large-font-size\">7.&nbsp;<strong>S\u00e9curit\u00e9 de vos donn\u00e9es<\/strong><\/h3>\n\n\n\n<p>Nous mettons en \u0153uvre des mesures techniques et organisationnelles pour prot\u00e9ger vos donn\u00e9es personnelles contre toute forme de traitement illicite, perte, divulgation accidentelle ou acc\u00e8s non autoris\u00e9. Toutefois, aucune m\u00e9thode de transmission sur Internet ni aucune m\u00e9thode de stockage \u00e9lectronique n\u2019est compl\u00e8tement s\u00e9curis\u00e9e. En cons\u00e9quence, nous ne pouvons garantir la s\u00e9curit\u00e9 absolue de vos donn\u00e9es.<\/p>\n\n\n\n<h3 class=\"wp-block-heading has-system-font-font-family has-large-font-size\">8.&nbsp;<strong>Conservation des donn\u00e9es<\/strong><\/h3>\n\n\n\n<p>Nous conservons vos donn\u00e9es personnelles pendant la dur\u00e9e n\u00e9cessaire \u00e0 la r\u00e9alisation des finalit\u00e9s pour lesquelles elles ont \u00e9t\u00e9 collect\u00e9es, conform\u00e9ment \u00e0 la l\u00e9gislation applicable. Les donn\u00e9es relatives \u00e0 vos transactions ou \u00e0 la gestion de notre relation commerciale peuvent \u00eatre conserv\u00e9es plus longtemps, notamment pour des raisons fiscales et comptables.<\/p>\n\n\n\n<h3 class=\"wp-block-heading has-system-font-font-family has-large-font-size\">9.&nbsp;<strong>Vos droits<\/strong><\/h3>\n\n\n\n<p>Conform\u00e9ment au RGPD, vous disposez des droits suivants concernant vos donn\u00e9es personnelles :<\/p>\n\n\n\n<ul class=\"wp-block-list\">\n<li><strong>Droit d\u2019acc\u00e8s<\/strong>&nbsp;: vous pouvez demander une copie de vos donn\u00e9es personnelles.<\/li>\n\n\n\n<li><strong>Droit de rectification<\/strong>&nbsp;: vous pouvez demander la correction de donn\u00e9es incorrectes ou incompl\u00e8tes.<\/li>\n\n\n\n<li><strong>Droit \u00e0 l\u2019effacement<\/strong>&nbsp;: vous pouvez demander l\u2019effacement de vos donn\u00e9es, sous r\u00e9serve de certaines exceptions l\u00e9gales.<\/li>\n\n\n\n<li><strong>Droit d\u2019opposition<\/strong>&nbsp;: vous pouvez vous opposer au traitement de vos donn\u00e9es dans certains cas (par exemple, pour les finalit\u00e9s de prospection commerciale).<\/li>\n\n\n\n<li><strong>Droit \u00e0 la portabilit\u00e9<\/strong>&nbsp;: vous pouvez demander \u00e0 recevoir vos donn\u00e9es personnelles sous un format structur\u00e9, couramment utilis\u00e9 et lisible par machine.<\/li>\n\n\n\n<li><strong>Droit de retirer votre consentement<\/strong>&nbsp;: si nous traitons vos donn\u00e9es sur la base de votre consentement, vous pouvez retirer ce consentement \u00e0 tout moment.<\/li>\n<\/ul>\n\n\n\n<p>Pour exercer vos droits, vous pouvez nous contacter \u00e0 l\u2019adresse suivante :\u00a0<strong><a><a href=\"hygeia.institut@icloud.com\">hygeia.institut@icloud.com<\/a><\/a><\/strong>.<\/p>\n\n\n\n<h3 class=\"wp-block-heading has-system-font-font-family has-large-font-size\">10.&nbsp;<strong>Modifications de la pr\u00e9sente politique<\/strong><\/h3>\n\n\n\n<p>Nous nous r\u00e9servons le droit de modifier cette Politique de Confidentialit\u00e9 \u00e0 tout moment. Nous vous informerons de toute modification en publiant la version mise \u00e0 jour sur cette page avec la date de la derni\u00e8re mise \u00e0 jour. Vous pouvez consulter r\u00e9guli\u00e8rement cette page pour rester inform\u00e9 des \u00e9ventuelles modifications.<\/p>\n\n\n\n<h3 class=\"wp-block-heading has-system-font-font-family has-large-font-size\">11.&nbsp;<strong>Contact<\/strong><\/h3>\n\n\n\n<p>Si vous avez des questions ou des pr\u00e9occupations concernant notre politique de confidentialit\u00e9, la collecte, l\u2019utilisation ou la s\u00e9curit\u00e9 de vos donn\u00e9es personnelles, n\u2019h\u00e9sitez pas \u00e0 nous contacter \u00e0 l\u2019adresse suivante :\u00a0<strong><a><a href=\"hygeia.institut@icloud.com\">hygeia.institut@icloud.com<\/a><\/a><\/strong>.<\/p>\n","protected":false},"excerpt":{"rendered":"<p>HYGEIA INSTITUT HYGEIA INSTITUT15 rue des coquelicots83210 Solli\u00e8s-Pont 07 59 69 25 26hygeia.institut@icloud.com@hygeia.institut Prenez rendez-vous directement en ligne sur Planity.Du lundi au samedi, de 9h00 \u00e0 18h00. MENTIONS L\u00c9GALES Derni\u00e8re mise \u00e0 jour :&nbsp;01\/05\/2025 La pr\u00e9sente Politique de Confidentialit\u00e9 a pour objectif de vous informer sur la collecte, l\u2019utilisation et la protection de vos donn\u00e9es [&hellip;]<\/p>\n","protected":false},"author":1,"featured_media":0,"parent":121,"menu_order":0,"comment_status":"closed","ping_status":"closed","template":"blank","meta":{"footnotes":""},"class_list":["post-282","page","type-page","status-publish","hentry"],"_links":{"self":[{"href":"https:\/\/www.institut-hygeia.fr\/index.php\/wp-json\/wp\/v2\/pages\/282","targetHints":{"allow":["GET"]}}],"collection":[{"href":"https:\/\/www.institut-hygeia.fr\/index.php\/wp-json\/wp\/v2\/pages"}],"about":[{"href":"https:\/\/www.institut-hygeia.fr\/index.php\/wp-json\/wp\/v2\/types\/page"}],"author":[{"embeddable":true,"href":"https:\/\/www.institut-hygeia.fr\/index.php\/wp-json\/wp\/v2\/users\/1"}],"replies":[{"embeddable":true,"href":"https:\/\/www.institut-hygeia.fr\/index.php\/wp-json\/wp\/v2\/comments?post=282"}],"version-history":[{"count":8,"href":"https:\/\/www.institut-hygeia.fr\/index.php\/wp-json\/wp\/v2\/pages\/282\/revisions"}],"predecessor-version":[{"id":323,"href":"https:\/\/www.institut-hygeia.fr\/index.php\/wp-json\/wp\/v2\/pages\/282\/revisions\/323"}],"up":[{"embeddable":true,"href":"https:\/\/www.institut-hygeia.fr\/index.php\/wp-json\/wp\/v2\/pages\/121"}],"wp:attachment":[{"href":"https:\/\/www.institut-hygeia.fr\/index.php\/wp-json\/wp\/v2\/media?parent=282"}],"curies":[{"name":"wp","href":"https:\/\/api.w.org\/{rel}","templated":true}]}}