{"id":289,"date":"2025-05-04T18:22:13","date_gmt":"2025-05-04T16:22:13","guid":{"rendered":"https:\/\/www.insitut-hygeia.fr\/?page_id=289"},"modified":"2026-01-18T16:48:13","modified_gmt":"2026-01-18T15:48:13","slug":"mentions-legales","status":"publish","type":"page","link":"https:\/\/www.institut-hygeia.fr\/index.php\/tarifs-contact-2\/mentions-legales\/","title":{"rendered":"Mentions l\u00e9gales"},"content":{"rendered":"\n<div class=\"wp-block-group alignfull has-text-color has-link-color wp-elements-e35b3cead2d45d58c1c9886c0e08b122 is-content-justification-space-between is-layout-flex wp-container-core-group-is-layout-70d69497 wp-block-group-is-layout-flex has-background\" style=\"color:#99792d;padding-top:15px;padding-right:0px;padding-bottom:15px;padding-left:0px;background-image:url(&apos;http:\/\/insituz.cluster021.hosting.ovh.net\/wp-content\/uploads\/2025\/05\/WhatsApp-Image-2025-05-04-a-10.53.01_083d7175.jpg&apos;);background-position:45% 16%;background-size:cover;\">\n<figure class=\"wp-block-image size-full is-resized wp-duotone-unset-1\"><img loading=\"lazy\" decoding=\"async\" width=\"453\" height=\"600\" src=\"https:\/\/www.insitut-hygeia.fr\/wp-content\/uploads\/2025\/05\/WhatsApp-Image-2025-05-04-a-20.07.46_24928643.jpg\" alt=\"\" class=\"wp-image-306\" style=\"width:160px;height:auto\" srcset=\"https:\/\/www.institut-hygeia.fr\/wp-content\/uploads\/2025\/05\/WhatsApp-Image-2025-05-04-a-20.07.46_24928643.jpg 453w, https:\/\/www.institut-hygeia.fr\/wp-content\/uploads\/2025\/05\/WhatsApp-Image-2025-05-04-a-20.07.46_24928643-227x300.jpg 227w\" sizes=\"auto, (max-width: 453px) 100vw, 453px\" \/><\/figure>\n\n\n\n<div class=\"wp-block-group wp-container-content-9cfa9a5a is-content-justification-left is-layout-constrained wp-container-core-group-is-layout-12dd3699 wp-block-group-is-layout-constrained\">\n<p class=\"has-medium-font-size\"><strong>HYGEIA INSTITUT<\/strong><\/p>\n<\/div>\n\n\n<nav class=\"is-responsive items-justified-right wp-block-navigation is-content-justification-right is-layout-flex wp-container-core-navigation-is-layout-f665d2b5 wp-block-navigation-is-layout-flex\" aria-label=\"Menu 3\" \n\t\t data-wp-interactive=\"core\/navigation\" data-wp-context='{\"overlayOpenedBy\":{\"click\":false,\"hover\":false,\"focus\":false},\"type\":\"overlay\",\"roleAttribute\":\"\",\"ariaLabel\":\"Menu\"}'><button aria-haspopup=\"dialog\" aria-label=\"Ouvrir le menu\" class=\"wp-block-navigation__responsive-container-open\" \n\t\t\t\tdata-wp-on--click=\"actions.openMenuOnClick\"\n\t\t\t\tdata-wp-on--keydown=\"actions.handleMenuKeydown\"\n\t\t\t><svg width=\"24\" height=\"24\" xmlns=\"http:\/\/www.w3.org\/2000\/svg\" viewBox=\"0 0 24 24\" aria-hidden=\"true\" focusable=\"false\"><path d=\"M4 7.5h16v1.5H4z\"><\/path><path d=\"M4 15h16v1.5H4z\"><\/path><\/svg><\/button>\n\t\t\t\t<div class=\"wp-block-navigation__responsive-container\"  id=\"modal-2\" \n\t\t\t\tdata-wp-class--has-modal-open=\"state.isMenuOpen\"\n\t\t\t\tdata-wp-class--is-menu-open=\"state.isMenuOpen\"\n\t\t\t\tdata-wp-watch=\"callbacks.initMenu\"\n\t\t\t\tdata-wp-on--keydown=\"actions.handleMenuKeydown\"\n\t\t\t\tdata-wp-on--focusout=\"actions.handleMenuFocusout\"\n\t\t\t\ttabindex=\"-1\"\n\t\t\t>\n\t\t\t\t\t<div class=\"wp-block-navigation__responsive-close\" tabindex=\"-1\">\n\t\t\t\t\t\t<div class=\"wp-block-navigation__responsive-dialog\" \n\t\t\t\tdata-wp-bind--aria-modal=\"state.ariaModal\"\n\t\t\t\tdata-wp-bind--aria-label=\"state.ariaLabel\"\n\t\t\t\tdata-wp-bind--role=\"state.roleAttribute\"\n\t\t\t>\n\t\t\t\t\t\t\t<button aria-label=\"Fermer le menu\" class=\"wp-block-navigation__responsive-container-close\" \n\t\t\t\tdata-wp-on--click=\"actions.closeMenuOnClick\"\n\t\t\t><svg xmlns=\"http:\/\/www.w3.org\/2000\/svg\" viewBox=\"0 0 24 24\" width=\"24\" height=\"24\" aria-hidden=\"true\" focusable=\"false\"><path d=\"m13.06 12 6.47-6.47-1.06-1.06L12 10.94 5.53 4.47 4.47 5.53 10.94 12l-6.47 6.47 1.06 1.06L12 13.06l6.47 6.47 1.06-1.06L13.06 12Z\"><\/path><\/svg><\/button>\n\t\t\t\t\t\t\t<div class=\"wp-block-navigation__responsive-container-content\" \n\t\t\t\tdata-wp-watch=\"callbacks.focusFirstElement\"\n\t\t\t id=\"modal-2-content\">\n\t\t\t\t\t\t\t\t<ul class=\"wp-block-navigation__container is-responsive items-justified-right wp-block-navigation\"><li class=\" wp-block-navigation-item wp-block-navigation-link\"><a class=\"wp-block-navigation-item__content\"  href=\"https:\/\/www.insitut-hygeia.fr\/\"><span class=\"wp-block-navigation-item__label\">Accueil<\/span><\/a><\/li><li class=\" wp-block-navigation-item wp-block-navigation-link\"><a class=\"wp-block-navigation-item__content\"  href=\"https:\/\/www.institut-hygeia.fr\/index.php\/ia-check-et-led\/\"><span class=\"wp-block-navigation-item__label\">IA Check et LED<\/span><\/a><\/li><li class=\" wp-block-navigation-item wp-block-navigation-link\"><a class=\"wp-block-navigation-item__content\"  href=\"https:\/\/www.institut-hygeia.fr\/index.php\/jetpeel\/\"><span class=\"wp-block-navigation-item__label\">Jetpeel<\/span><\/a><\/li><li class=\" wp-block-navigation-item wp-block-navigation-link\"><a class=\"wp-block-navigation-item__content\"  href=\"https:\/\/www.institut-hygeia.fr\/index.php\/laser-epilatoire\/\"><span class=\"wp-block-navigation-item__label\">Laser \u00e9pilatoire<\/span><\/a><\/li><\/ul><ul class=\"wp-block-navigation__container is-responsive items-justified-right wp-block-navigation\"><li class=\" wp-block-navigation-item wp-block-navigation-link\"><a class=\"wp-block-navigation-item__content\"  href=\"https:\/\/www.institut-hygeia.fr\/index.php\/radiofrequence-lipocavitation\/\"><span class=\"wp-block-navigation-item__label\">Radiofr\u00e9quence et Lipocavitation<\/span><\/a><\/li><li data-wp-context=\"{ &quot;submenuOpenedBy&quot;: { &quot;click&quot;: false, &quot;hover&quot;: false, &quot;focus&quot;: false }, &quot;type&quot;: &quot;submenu&quot;, &quot;modal&quot;: null, &quot;previousFocus&quot;: null }\" data-wp-interactive=\"core\/navigation\" data-wp-on--focusout=\"actions.handleMenuFocusout\" data-wp-on--keydown=\"actions.handleMenuKeydown\" data-wp-on--mouseenter=\"actions.openMenuOnHover\" data-wp-on--mouseleave=\"actions.closeMenuOnHover\" data-wp-watch=\"callbacks.initMenu\" tabindex=\"-1\" class=\"wp-block-navigation-item has-child open-on-hover-click wp-block-navigation-submenu\"><a class=\"wp-block-navigation-item__content\" href=\"https:\/\/www.institut-hygeia.fr\/index.php\/tarifs-contact-2\/\"><span class=\"wp-block-navigation-item__label\">Contact<\/span><\/a><button data-wp-bind--aria-expanded=\"state.isMenuOpen\" data-wp-on--click=\"actions.toggleMenuOnClick\" aria-label=\"Sous-menu Contact\" class=\"wp-block-navigation__submenu-icon wp-block-navigation-submenu__toggle\" ><svg xmlns=\"http:\/\/www.w3.org\/2000\/svg\" width=\"12\" height=\"12\" viewBox=\"0 0 12 12\" fill=\"none\" aria-hidden=\"true\" focusable=\"false\"><path d=\"M1.50002 4L6.00002 8L10.5 4\" stroke-width=\"1.5\"><\/path><\/svg><\/button><ul data-wp-on--focus=\"actions.openMenuOnFocus\" class=\"wp-block-navigation__submenu-container wp-block-navigation-submenu\"><li class=\" wp-block-navigation-item wp-block-navigation-link\"><a class=\"wp-block-navigation-item__content\"  href=\"https:\/\/www.institut-hygeia.fr\/index.php\/tarifs-contact-2\/mentions-legales\/\"><span class=\"wp-block-navigation-item__label\">Mentions l\u00e9gales<\/span><\/a><\/li><li class=\" wp-block-navigation-item wp-block-navigation-link\"><a class=\"wp-block-navigation-item__content\"  href=\"https:\/\/www.institut-hygeia.fr\/index.php\/tarifs-contact-2\/confidentialite\/\"><span class=\"wp-block-navigation-item__label\">Confidentialit\u00e9<\/span><\/a><\/li><\/ul><\/li><\/ul>\n\t\t\t\t\t\t\t<\/div>\n\t\t\t\t\t\t<\/div>\n\t\t\t\t\t<\/div>\n\t\t\t\t<\/div><\/nav><\/div>\n\n\n\n<div class=\"wp-block-columns alignwide has-text-color has-link-color wp-elements-5d2187bebe8c910bd421af09215a3e0d is-layout-flex wp-container-core-columns-is-layout-28f84493 wp-block-columns-is-layout-flex\" style=\"color:#99792d\">\n<div class=\"wp-block-column is-layout-flow wp-block-column-is-layout-flow\">\n<hr class=\"wp-block-separator has-text-color has-alpha-channel-opacity has-background is-style-wide\" style=\"background-color:#99792d;color:#99792d\"\/>\n\n\n\n<p class=\"has-text-align-center has-text-color has-link-color has-small-font-size wp-elements-d277cf9aac515117baa7b078972d74f8\" style=\"color:#99792d\">HYGEIA INSTITUT \u2013 Salon Excel Coiffure<br>ZC Intermarch\u00e9 \u2013 ZAC la Poulasse<br>83210 Solli\u00e8s-Pont<\/p>\n\n\n\n<div class=\"wp-block-buttons is-layout-flex wp-block-buttons-is-layout-flex\">\n<div class=\"wp-block-button has-custom-width wp-block-button__width-100 is-style-outline is-style-outline--3\"><a class=\"wp-block-button__link has-background-background-color has-text-color has-background has-link-color wp-element-button\" href=\"https:\/\/www.google.com\/maps?gs_lcrp=EgZjaHJvbWUyBggAEEUYOTIKCAEQABiABBiiBDIKCAIQABiABBiiBDIKCAMQABiABBiiBDIKCAQQABiABBiiBNIBCDIxOTRqMGo3qAIAsAIA&amp;um=1&amp;ie=UTF-8&amp;fb=1&amp;gl=fr&amp;sa=X&amp;geocode=KSshyUnJF8kSMTm2rAIu-HO6&amp;daddr=15+Rue+des+Coquelicots,+83210+Solli%C3%A8s-Pont\" style=\"color:#99792d\"><strong>Itin\u00e9raire<\/strong><\/a><\/div>\n<\/div>\n\n\n\n<div style=\"height:16px\" aria-hidden=\"true\" class=\"wp-block-spacer\"><\/div>\n<\/div>\n\n\n\n<div class=\"wp-block-column is-layout-flow wp-block-column-is-layout-flow\">\n<hr class=\"wp-block-separator has-css-opacity is-style-wide\"\/>\n\n\n\n<p class=\"has-text-align-center has-text-color has-link-color has-small-font-size wp-elements-a8600108658f788e2f1854162256ca7e\" style=\"color:#99792d\">07 59 69 25 26<br><a href=\"hygeia.institut@icloud.com\">hygeia.institut@icloud.com<br><\/a><a href=\"https:\/\/www.instagram.com\/hygeia.institut\/profilecard\/?igsh=Mmx2cWxhYWs3N3d0&amp;fbclid=IwY2xjawKEDPVleHRuA2FlbQIxMAABHswni_6KnxnGbAdLieSaQDNwlsJGhk9F0LH7HI2vQy76E6YbdnU8LYQ3lwVH_aem_33H6XDInMDMGje0aDyX_lg\">@hygeia.institut<\/a><\/p>\n\n\n\n<div class=\"wp-block-buttons is-layout-flex wp-block-buttons-is-layout-flex\">\n<div class=\"wp-block-button has-custom-width wp-block-button__width-100 is-style-outline is-style-outline--4\"><a class=\"wp-block-button__link has-background-background-color has-text-color has-background has-link-color wp-element-button\" href=\"http:\/\/0699037206\" style=\"color:#99792d\"><strong>T\u00e9l\u00e9phone<\/strong><\/a><\/div>\n<\/div>\n<\/div>\n\n\n\n<div class=\"wp-block-column is-layout-flow wp-block-column-is-layout-flow\">\n<hr class=\"wp-block-separator has-text-color has-alpha-channel-opacity has-background is-style-wide\" style=\"background-color:#99792d;color:#99792d\"\/>\n\n\n\n<p class=\"has-text-align-center has-text-color has-link-color has-small-font-size wp-elements-2ad0203cbe46e14bcd178af8f4663880\" style=\"color:#99792d\">Prenez rendez-vous directement <br>en ligne sur Planity.<br>Du lundi au samedi, de 9h00 \u00e0 18h00.<\/p>\n\n\n\n<div class=\"wp-block-buttons is-layout-flex wp-block-buttons-is-layout-flex\">\n<div class=\"wp-block-button has-custom-width wp-block-button__width-100 is-style-outline is-style-outline--5\"><a class=\"wp-block-button__link has-background-background-color has-text-color has-background has-link-color wp-element-button\" href=\"https:\/\/www.planity.com\/hygeia-institut-jetpeel-et-epilation-laser-83210-sollies-pont\" style=\"color:#99792d\"><strong>R\u00e9servation<\/strong><\/a><\/div>\n<\/div>\n\n\n\n<div style=\"height:16px\" aria-hidden=\"true\" class=\"wp-block-spacer\"><\/div>\n<\/div>\n<\/div>\n\n\n\n<h3 class=\"wp-block-heading has-text-align-center has-system-font-font-family has-large-font-size\"><strong>MENTIONS L\u00c9GALES<\/strong><\/h3>\n\n\n\n<h2 class=\"wp-block-heading alignwide has-system-font-font-family has-large-font-size\"><strong>1 \u2013 Coordonn\u00e9es de l\u2019entit\u00e9 propri\u00e9taire du site Internet<\/strong><\/h2>\n\n\n\n<p>Le site institut-hygeia.fr est \u00e9dit\u00e9 par la soci\u00e9t\u00e9 SARL G.C.M.R. \u2013 ADMIN\u2019AT HOME.<br><strong>Adresse du si\u00e8ge social<\/strong>&nbsp;: 15 rue des coquelicots \u2013 83210 SOLLI\u00c8S-PONT<br><strong>T\u00e9l<\/strong>&nbsp;: 07 59 69 25 26<br><strong>Email<\/strong>&nbsp;:&nbsp;<a><\/a><a href=\"https:\/\/www.insitut-hygeia.fr\/index.php\/tarifs-contact-2\/confidentialite\/hygeia.institut@icloud.com\">hygeia.institut@icloud.com<\/a><\/p>\n\n\n\n<p><strong>Num\u00e9ro SIRET<\/strong>&nbsp;: 937 782 951 000 19<br><strong>Capital social<\/strong>&nbsp;: 1 000,00\u20ac<\/p>\n\n\n\n<hr class=\"wp-block-separator has-alpha-channel-opacity\"\/>\n\n\n\n<h2 class=\"wp-block-heading alignwide has-system-font-font-family has-large-font-size\"><strong>2 \u2013 L\u2019\u00e9diteur du site<\/strong><\/h2>\n\n\n\n<p><strong>Gr\u00e9gory MALLET-RUIZ<\/strong>&nbsp;assure l\u2019\u00e9dition du site institut-hygeia.fr.<br>En tant que g\u00e9rant et responsable de la publication, il repr\u00e9sente la soci\u00e9t\u00e9 SARL G.C.M.R.<br><strong>Num\u00e9ro SIRET<\/strong>&nbsp;: 928 692 888 000 11.<br>De plus, la Chambre des M\u00e9tiers et de l\u2019Artisanat du Var a immatricul\u00e9 l\u2019entreprise. Celle-ci applique la TVA au taux de 20 %.<\/p>\n\n\n\n<hr class=\"wp-block-separator has-alpha-channel-opacity\"\/>\n\n\n\n<h2 class=\"wp-block-heading alignwide has-system-font-font-family has-large-font-size\"><strong>3 \u2013 L\u2019h\u00e9bergeur du site<\/strong><\/h2>\n\n\n\n<p>L\u2019h\u00e9bergeur du site est la soci\u00e9t\u00e9&nbsp;<strong>OVH<\/strong>.<br><strong>Adresse du si\u00e8ge social<\/strong>&nbsp;: 2 rue Kellermann, 59100 Roubaix, France.<br><strong>Capital social<\/strong>&nbsp;: 50 000 000 \u20ac.<br><strong>Num\u00e9ro RCS<\/strong>&nbsp;: 424 761 419 00045.<br><strong>Code APE<\/strong>&nbsp;: 2620Z.<br><strong>Num\u00e9ro de TVA intracommunautaire<\/strong>&nbsp;: FR 22 424 761 419.<\/p>\n\n\n\n<p><strong>OVH SAS<\/strong>&nbsp;est une filiale de la soci\u00e9t\u00e9&nbsp;<strong>OVH Groupe SA<\/strong>. Immatricul\u00e9e au RCS de Lille sous le num\u00e9ro 537 407 926, sise \u00e9galement au 2, rue Kellermann, 59100 Roubaix.<\/p>\n\n\n\n<hr class=\"wp-block-separator has-alpha-channel-opacity\"\/>\n\n\n\n<h2 class=\"wp-block-heading alignwide has-system-font-font-family has-large-font-size\"><strong>4 \u2013 Acc\u00e8s au site<\/strong><\/h2>\n\n\n\n<div class=\"wp-block-group alignwide is-content-justification-center is-layout-constrained wp-block-group-is-layout-constrained\">\n<p>Le site est accessible&nbsp;<strong>7 jours sur 7, 24 heures sur 24<\/strong>, sauf en cas de force majeure. Ou, dans certains cas, lors d\u2019une interruption n\u00e9cessaire pour effectuer une maintenance visant \u00e0 garantir le bon fonctionnement du site. En cas de modification, d\u2019interruption ou de suspension des services, il convient de noter que la soci\u00e9t\u00e9&nbsp;<strong>SARL G.C.M.R.<\/strong>&nbsp;ne pourra \u00eatre tenue responsable.<\/p>\n\n\n\n<hr class=\"wp-block-separator has-alpha-channel-opacity\"\/>\n<\/div>\n\n\n\n<h2 class=\"wp-block-heading alignwide has-system-font-font-family has-large-font-size\"><strong>5 \u2013 Propri\u00e9t\u00e9 intellectuelle<\/strong><\/h2>\n\n\n\n<p>Le contenu du site&nbsp;<strong>institut-hygeia.fr<\/strong>&nbsp;(textes, images, vid\u00e9os, logos, etc.) est la propri\u00e9t\u00e9 exclusive de la soci\u00e9t\u00e9&nbsp;<strong>SAS INSTITUT HYGEIA<\/strong>.&nbsp;<strong>Les lois fran\u00e7aises et internationales<\/strong>&nbsp;relatives \u00e0 la propri\u00e9t\u00e9 intellectuelle prot\u00e8gent ces \u00e9l\u00e9ments. Par cons\u00e9quent, l\u2019\u00e9diteur interdit toute reproduction, repr\u00e9sentation, diffusion, ou exploitation, partielle ou enti\u00e8re, de ces \u00e9l\u00e9ments sans son autorisation pr\u00e9alable et expresse.<\/p>\n\n\n\n<p><strong>Toute violation de cette r\u00e8gle<\/strong>&nbsp;peut, en cons\u00e9quence, entra\u00eener des poursuites judiciaires, conform\u00e9ment aux dispositions du&nbsp;<strong>Code de la propri\u00e9t\u00e9 intellectuelle<\/strong>&nbsp;et du&nbsp;<strong>Code civil<\/strong>.<\/p>\n\n\n\n<hr class=\"wp-block-separator has-alpha-channel-opacity\"\/>\n\n\n\n<p><strong>Mentions l\u00e9gales du site Institut Hygeia.<\/strong><\/p>\n","protected":false},"excerpt":{"rendered":"<p>HYGEIA INSTITUT HYGEIA INSTITUT \u2013 Salon Excel CoiffureZC Intermarch\u00e9 \u2013 ZAC la Poulasse83210 Solli\u00e8s-Pont 07 59 69 25 26hygeia.institut@icloud.com@hygeia.institut Prenez rendez-vous directement en ligne sur Planity.Du lundi au samedi, de 9h00 \u00e0 18h00. MENTIONS L\u00c9GALES 1 \u2013 Coordonn\u00e9es de l\u2019entit\u00e9 propri\u00e9taire du site Internet Le site institut-hygeia.fr est \u00e9dit\u00e9 par la soci\u00e9t\u00e9 SARL G.C.M.R. \u2013 [&hellip;]<\/p>\n","protected":false},"author":1,"featured_media":0,"parent":121,"menu_order":0,"comment_status":"closed","ping_status":"closed","template":"blank","meta":{"footnotes":""},"class_list":["post-289","page","type-page","status-publish","hentry"],"_links":{"self":[{"href":"https:\/\/www.institut-hygeia.fr\/index.php\/wp-json\/wp\/v2\/pages\/289","targetHints":{"allow":["GET"]}}],"collection":[{"href":"https:\/\/www.institut-hygeia.fr\/index.php\/wp-json\/wp\/v2\/pages"}],"about":[{"href":"https:\/\/www.institut-hygeia.fr\/index.php\/wp-json\/wp\/v2\/types\/page"}],"author":[{"embeddable":true,"href":"https:\/\/www.institut-hygeia.fr\/index.php\/wp-json\/wp\/v2\/users\/1"}],"replies":[{"embeddable":true,"href":"https:\/\/www.institut-hygeia.fr\/index.php\/wp-json\/wp\/v2\/comments?post=289"}],"version-history":[{"count":5,"href":"https:\/\/www.institut-hygeia.fr\/index.php\/wp-json\/wp\/v2\/pages\/289\/revisions"}],"predecessor-version":[{"id":398,"href":"https:\/\/www.institut-hygeia.fr\/index.php\/wp-json\/wp\/v2\/pages\/289\/revisions\/398"}],"up":[{"embeddable":true,"href":"https:\/\/www.institut-hygeia.fr\/index.php\/wp-json\/wp\/v2\/pages\/121"}],"wp:attachment":[{"href":"https:\/\/www.institut-hygeia.fr\/index.php\/wp-json\/wp\/v2\/media?parent=289"}],"curies":[{"name":"wp","href":"https:\/\/api.w.org\/{rel}","templated":true}]}}