{"id":349,"date":"2025-09-06T20:55:32","date_gmt":"2025-09-06T18:55:32","guid":{"rendered":"https:\/\/www.institut-hygeia.fr\/?page_id=349"},"modified":"2026-01-18T17:14:01","modified_gmt":"2026-01-18T16:14:01","slug":"radiofrequence-lipocavitation","status":"publish","type":"page","link":"https:\/\/www.institut-hygeia.fr\/index.php\/radiofrequence-lipocavitation\/","title":{"rendered":"Radiofr\u00e9quence et Lipocavitation"},"content":{"rendered":"\n<div class=\"wp-block-group alignfull has-background-background-color has-text-color has-background has-link-color wp-elements-fdc01ca6ac688c4b3e53f1600a479e77 is-content-justification-space-between is-layout-flex wp-container-core-group-is-layout-70d69497 wp-block-group-is-layout-flex\" style=\"color:#99792d;padding-top:15px;padding-right:0px;padding-bottom:15px;padding-left:0px;background-image:url(&apos;https:\/\/www.institut-hygeia.fr\/wp-content\/uploads\/2025\/05\/WhatsApp-Image-2025-05-04-a-10.53.01_083d7175-1.jpg&apos;);background-position:88% 31%;background-size:cover;\">\n<figure class=\"wp-block-image size-full is-resized wp-duotone-unset-1\"><img loading=\"lazy\" decoding=\"async\" width=\"453\" height=\"600\" src=\"https:\/\/www.insitut-hygeia.fr\/wp-content\/uploads\/2025\/05\/WhatsApp-Image-2025-05-04-a-20.07.46_24928643.jpg\" alt=\"\" class=\"wp-image-306\" style=\"width:160px;height:auto\" srcset=\"https:\/\/www.institut-hygeia.fr\/wp-content\/uploads\/2025\/05\/WhatsApp-Image-2025-05-04-a-20.07.46_24928643.jpg 453w, https:\/\/www.institut-hygeia.fr\/wp-content\/uploads\/2025\/05\/WhatsApp-Image-2025-05-04-a-20.07.46_24928643-227x300.jpg 227w\" sizes=\"auto, (max-width: 453px) 100vw, 453px\" \/><\/figure>\n\n\n\n<div class=\"wp-block-group wp-container-content-9cfa9a5a is-content-justification-left is-layout-constrained wp-container-core-group-is-layout-12dd3699 wp-block-group-is-layout-constrained\">\n<p class=\"has-medium-font-size\"><strong>HYGEIA INSTITUT<\/strong><\/p>\n<\/div>\n\n\n<nav class=\"is-responsive items-justified-right wp-block-navigation is-content-justification-right is-layout-flex wp-container-core-navigation-is-layout-f665d2b5 wp-block-navigation-is-layout-flex\" aria-label=\"Menu 3\" \n\t\t data-wp-interactive=\"core\/navigation\" data-wp-context='{\"overlayOpenedBy\":{\"click\":false,\"hover\":false,\"focus\":false},\"type\":\"overlay\",\"roleAttribute\":\"\",\"ariaLabel\":\"Menu\"}'><button aria-haspopup=\"dialog\" aria-label=\"Ouvrir le menu\" class=\"wp-block-navigation__responsive-container-open\" \n\t\t\t\tdata-wp-on--click=\"actions.openMenuOnClick\"\n\t\t\t\tdata-wp-on--keydown=\"actions.handleMenuKeydown\"\n\t\t\t><svg width=\"24\" height=\"24\" xmlns=\"http:\/\/www.w3.org\/2000\/svg\" viewBox=\"0 0 24 24\" aria-hidden=\"true\" focusable=\"false\"><path d=\"M4 7.5h16v1.5H4z\"><\/path><path d=\"M4 15h16v1.5H4z\"><\/path><\/svg><\/button>\n\t\t\t\t<div class=\"wp-block-navigation__responsive-container\"  id=\"modal-2\" \n\t\t\t\tdata-wp-class--has-modal-open=\"state.isMenuOpen\"\n\t\t\t\tdata-wp-class--is-menu-open=\"state.isMenuOpen\"\n\t\t\t\tdata-wp-watch=\"callbacks.initMenu\"\n\t\t\t\tdata-wp-on--keydown=\"actions.handleMenuKeydown\"\n\t\t\t\tdata-wp-on--focusout=\"actions.handleMenuFocusout\"\n\t\t\t\ttabindex=\"-1\"\n\t\t\t>\n\t\t\t\t\t<div class=\"wp-block-navigation__responsive-close\" tabindex=\"-1\">\n\t\t\t\t\t\t<div class=\"wp-block-navigation__responsive-dialog\" \n\t\t\t\tdata-wp-bind--aria-modal=\"state.ariaModal\"\n\t\t\t\tdata-wp-bind--aria-label=\"state.ariaLabel\"\n\t\t\t\tdata-wp-bind--role=\"state.roleAttribute\"\n\t\t\t>\n\t\t\t\t\t\t\t<button aria-label=\"Fermer le menu\" class=\"wp-block-navigation__responsive-container-close\" \n\t\t\t\tdata-wp-on--click=\"actions.closeMenuOnClick\"\n\t\t\t><svg xmlns=\"http:\/\/www.w3.org\/2000\/svg\" viewBox=\"0 0 24 24\" width=\"24\" height=\"24\" aria-hidden=\"true\" focusable=\"false\"><path d=\"m13.06 12 6.47-6.47-1.06-1.06L12 10.94 5.53 4.47 4.47 5.53 10.94 12l-6.47 6.47 1.06 1.06L12 13.06l6.47 6.47 1.06-1.06L13.06 12Z\"><\/path><\/svg><\/button>\n\t\t\t\t\t\t\t<div class=\"wp-block-navigation__responsive-container-content\" \n\t\t\t\tdata-wp-watch=\"callbacks.focusFirstElement\"\n\t\t\t id=\"modal-2-content\">\n\t\t\t\t\t\t\t\t<ul class=\"wp-block-navigation__container is-responsive items-justified-right wp-block-navigation\"><li class=\" wp-block-navigation-item wp-block-navigation-link\"><a class=\"wp-block-navigation-item__content\"  href=\"https:\/\/www.insitut-hygeia.fr\/\"><span class=\"wp-block-navigation-item__label\">Accueil<\/span><\/a><\/li><li class=\" wp-block-navigation-item wp-block-navigation-link\"><a class=\"wp-block-navigation-item__content\"  href=\"https:\/\/www.institut-hygeia.fr\/index.php\/ia-check-et-led\/\"><span class=\"wp-block-navigation-item__label\">IA Check et LED<\/span><\/a><\/li><li class=\" wp-block-navigation-item wp-block-navigation-link\"><a class=\"wp-block-navigation-item__content\"  href=\"https:\/\/www.institut-hygeia.fr\/index.php\/jetpeel\/\"><span class=\"wp-block-navigation-item__label\">Jetpeel<\/span><\/a><\/li><li class=\" wp-block-navigation-item wp-block-navigation-link\"><a class=\"wp-block-navigation-item__content\"  href=\"https:\/\/www.institut-hygeia.fr\/index.php\/laser-epilatoire\/\"><span class=\"wp-block-navigation-item__label\">Laser \u00e9pilatoire<\/span><\/a><\/li><\/ul><ul class=\"wp-block-navigation__container is-responsive items-justified-right wp-block-navigation\"><li class=\" wp-block-navigation-item wp-block-navigation-link\"><a class=\"wp-block-navigation-item__content\"  href=\"https:\/\/www.institut-hygeia.fr\/index.php\/radiofrequence-lipocavitation\/\"><span class=\"wp-block-navigation-item__label\">Radiofr\u00e9quence et Lipocavitation<\/span><\/a><\/li><li data-wp-context=\"{ &quot;submenuOpenedBy&quot;: { &quot;click&quot;: false, &quot;hover&quot;: false, &quot;focus&quot;: false }, &quot;type&quot;: &quot;submenu&quot;, &quot;modal&quot;: null, &quot;previousFocus&quot;: null }\" data-wp-interactive=\"core\/navigation\" data-wp-on--focusout=\"actions.handleMenuFocusout\" data-wp-on--keydown=\"actions.handleMenuKeydown\" data-wp-on--mouseenter=\"actions.openMenuOnHover\" data-wp-on--mouseleave=\"actions.closeMenuOnHover\" data-wp-watch=\"callbacks.initMenu\" tabindex=\"-1\" class=\"wp-block-navigation-item has-child open-on-hover-click wp-block-navigation-submenu\"><a class=\"wp-block-navigation-item__content\" href=\"https:\/\/www.institut-hygeia.fr\/index.php\/tarifs-contact-2\/\"><span class=\"wp-block-navigation-item__label\">Contact<\/span><\/a><button data-wp-bind--aria-expanded=\"state.isMenuOpen\" data-wp-on--click=\"actions.toggleMenuOnClick\" aria-label=\"Sous-menu Contact\" class=\"wp-block-navigation__submenu-icon wp-block-navigation-submenu__toggle\" ><svg xmlns=\"http:\/\/www.w3.org\/2000\/svg\" width=\"12\" height=\"12\" viewBox=\"0 0 12 12\" fill=\"none\" aria-hidden=\"true\" focusable=\"false\"><path d=\"M1.50002 4L6.00002 8L10.5 4\" stroke-width=\"1.5\"><\/path><\/svg><\/button><ul data-wp-on--focus=\"actions.openMenuOnFocus\" class=\"wp-block-navigation__submenu-container wp-block-navigation-submenu\"><li class=\" wp-block-navigation-item wp-block-navigation-link\"><a class=\"wp-block-navigation-item__content\"  href=\"https:\/\/www.institut-hygeia.fr\/index.php\/tarifs-contact-2\/mentions-legales\/\"><span class=\"wp-block-navigation-item__label\">Mentions l\u00e9gales<\/span><\/a><\/li><li class=\" wp-block-navigation-item wp-block-navigation-link\"><a class=\"wp-block-navigation-item__content\"  href=\"https:\/\/www.institut-hygeia.fr\/index.php\/tarifs-contact-2\/confidentialite\/\"><span class=\"wp-block-navigation-item__label\">Confidentialit\u00e9<\/span><\/a><\/li><\/ul><\/li><\/ul>\n\t\t\t\t\t\t\t<\/div>\n\t\t\t\t\t\t<\/div>\n\t\t\t\t\t<\/div>\n\t\t\t\t<\/div><\/nav><\/div>\n\n\n\n<div class=\"wp-block-group alignfull has-border-color has-background-color has-background-background-color has-text-color has-background has-link-color wp-elements-a1374972cabdd159cc6bf30ffb21f9b0 is-layout-constrained wp-block-group-is-layout-constrained\" style=\"border-color:#99792d;border-width:10px;padding-top:1.5rem;padding-bottom:1.5rem\">\n<div class=\"wp-block-media-text alignwide has-media-on-the-right is-stacked-on-mobile is-vertically-aligned-center\" style=\"grid-template-columns:auto 15%\"><div class=\"wp-block-media-text__content\">\n<p class=\"has-text-align-center has-text-color has-link-color wp-elements-f20f2fd7fa8698d7b93905765487d721\" style=\"color:#99792d;text-transform:uppercase\"><strong>Radiofr\u00e9quence &amp; Lipocavitation \u2013 Raffermir, Lisser, Sculpter<\/strong><\/p>\n\n\n\n<p class=\"has-text-align-center has-text-color has-link-color wp-elements-70815af47eeae310e5c1db778ffe068f\" style=\"color:#99792d\"><strong><strong>Lipocavitation : \u00e9liminez la graisse tenace<\/strong><\/strong><\/p>\n\n\n\n<p class=\"has-text-align-center has-text-color has-link-color wp-elements-ebb717cf9c6e035b78abc513a25aabfd\" style=\"color:#99792d\">La lipocavitation est un soin minceur utilisant des ultrasons pour cibler et d\u00e9composer les cellules graisseuses.<br>Id\u00e9al pour r\u00e9duire les amas graisseux localis\u00e9s r\u00e9sistants au sport et aux r\u00e9gimes, ce traitement aide \u00e0 affiner la silhouette.<\/p>\n\n\n\n<p class=\"has-text-align-center has-text-color has-link-color wp-elements-35aae0b894aa094e1af4a3e7ab7b1c1b\" style=\"color:#99792d\"><strong><strong>Radiofr\u00e9quence : raffermir et lisser la peau<\/strong><\/strong><\/p>\n\n\n\n<p class=\"has-text-align-center has-text-color has-link-color wp-elements-a4f23239924702b4bb0c41d264c95c16\" style=\"color:#99792d\">La radiofr\u00e9quence utilise des ondes \u00e9lectromagn\u00e9tiques pour stimuler la production de collag\u00e8ne et d\u2019\u00e9lastine.<br>R\u00e9sultat : une peau plus ferme, liss\u00e9e et unifi\u00e9e, avec une r\u00e9duction visible de la cellulite, des vergetures et des rides.<\/p>\n\n\n\n<p class=\"has-text-align-center has-text-color has-link-color wp-elements-3723391262cdefd106040bdd54160958\" style=\"color:#99792d\"><strong>Prenez soin de votre peau en toute confiance !<\/strong><\/p>\n<\/div><figure class=\"wp-block-media-text__media\"><img loading=\"lazy\" decoding=\"async\" width=\"576\" height=\"1024\" src=\"https:\/\/www.institut-hygeia.fr\/wp-content\/uploads\/2025\/09\/WhatsApp-Image-2025-08-14-a-09.55.46_ac4392ce-1-576x1024.jpg\" alt=\"\" class=\"wp-image-355 size-full\" srcset=\"https:\/\/www.institut-hygeia.fr\/wp-content\/uploads\/2025\/09\/WhatsApp-Image-2025-08-14-a-09.55.46_ac4392ce-1-576x1024.jpg 576w, https:\/\/www.institut-hygeia.fr\/wp-content\/uploads\/2025\/09\/WhatsApp-Image-2025-08-14-a-09.55.46_ac4392ce-1-169x300.jpg 169w, https:\/\/www.institut-hygeia.fr\/wp-content\/uploads\/2025\/09\/WhatsApp-Image-2025-08-14-a-09.55.46_ac4392ce-1.jpg 675w\" sizes=\"auto, (max-width: 576px) 100vw, 576px\" \/><\/figure><\/div>\n<\/div>\n\n\n\n<div class=\"wp-block-group alignfull has-border-color has-background-color has-background-background-color has-text-color has-background has-link-color wp-elements-cabfe26af7163faad5f9cc0a420e16fd is-layout-constrained wp-block-group-is-layout-constrained\" style=\"border-color:#99792d;border-width:10px;padding-top:1.5rem;padding-bottom:1.5rem\">\n<div class=\"wp-block-media-text alignwide has-media-on-the-right is-stacked-on-mobile is-vertically-aligned-center\" style=\"grid-template-columns:auto 15%\"><div class=\"wp-block-media-text__content\">\n<p class=\"has-text-align-center has-text-color has-link-color wp-elements-02403cc71a2bb6f548935298fcbe83c7\" style=\"color:#99792d;text-transform:uppercase\"><strong>B\u00c9N\u00c9FICE DES TRAITEMENTS<\/strong><\/p>\n\n\n\n<p class=\"has-text-align-center has-text-color has-link-color wp-elements-779c746d5ece67833abe3e0a4a6f04c7\" style=\"color:#99792d\">-Peau plus ferme et tonique<br>-R\u00e9duction de la cellulite et de la peau d&rsquo;orange<br>-Att\u00e9nuation des rides et du rel\u00e2chement cutan\u00e9<br>-Affinement de la silhouette et perte de centim\u00e8tres (1 \u00e0 3 cm en moyenne par s\u00e9ance)<br>-Effet coup d&rsquo;\u00e9clat imm\u00e9diat sur le visage<br>-Am\u00e9lioration de l&rsquo;ovale du visage (Jawline)<\/p>\n<\/div><figure class=\"wp-block-media-text__media\"><img loading=\"lazy\" decoding=\"async\" width=\"576\" height=\"1024\" src=\"https:\/\/www.institut-hygeia.fr\/wp-content\/uploads\/2025\/09\/WhatsApp-Image-2025-08-14-a-09.55.46_ac4392ce-1-576x1024.jpg\" alt=\"\" class=\"wp-image-355 size-full\" srcset=\"https:\/\/www.institut-hygeia.fr\/wp-content\/uploads\/2025\/09\/WhatsApp-Image-2025-08-14-a-09.55.46_ac4392ce-1-576x1024.jpg 576w, https:\/\/www.institut-hygeia.fr\/wp-content\/uploads\/2025\/09\/WhatsApp-Image-2025-08-14-a-09.55.46_ac4392ce-1-169x300.jpg 169w, https:\/\/www.institut-hygeia.fr\/wp-content\/uploads\/2025\/09\/WhatsApp-Image-2025-08-14-a-09.55.46_ac4392ce-1.jpg 675w\" sizes=\"auto, (max-width: 576px) 100vw, 576px\" \/><\/figure><\/div>\n<\/div>\n\n\n\n<div class=\"wp-block-group alignfull has-border-color has-background-color has-background-background-color has-text-color has-background has-link-color wp-elements-fadb46e7a9adbd640ae201937e49b1bf is-layout-constrained wp-block-group-is-layout-constrained\" style=\"border-color:#99792d;border-width:10px;padding-top:1.5rem;padding-bottom:1.5rem\">\n<div class=\"wp-block-media-text alignwide has-media-on-the-right is-stacked-on-mobile is-vertically-aligned-center\" style=\"grid-template-columns:auto 15%\"><div class=\"wp-block-media-text__content\">\n<p class=\"has-text-align-center has-text-color has-link-color wp-elements-e7dcf1fbdd0d147659c4b70dbc170993\" style=\"color:#99792d;text-transform:uppercase\"><strong>ZONES TRAIT\u00c9es<\/strong><\/p>\n\n\n\n<p class=\"has-text-align-center has-text-color has-link-color wp-elements-4dc609d2c393bc69e6d84ade8767d0fe\" style=\"color:#99792d\">-Taille et hanches (poign\u00e9es d&rsquo;amour)<br>-Ventre<br>-Culotte de cheval et cuisses<br>-Fesses<br>-Bras<br>-Visage : Jawline, anti-\u00e2ge, rides<\/p>\n<\/div><figure class=\"wp-block-media-text__media\"><img loading=\"lazy\" decoding=\"async\" width=\"576\" height=\"1024\" src=\"https:\/\/www.institut-hygeia.fr\/wp-content\/uploads\/2025\/09\/WhatsApp-Image-2025-08-14-a-09.55.46_ac4392ce-1-576x1024.jpg\" alt=\"\" class=\"wp-image-355 size-full\" srcset=\"https:\/\/www.institut-hygeia.fr\/wp-content\/uploads\/2025\/09\/WhatsApp-Image-2025-08-14-a-09.55.46_ac4392ce-1-576x1024.jpg 576w, https:\/\/www.institut-hygeia.fr\/wp-content\/uploads\/2025\/09\/WhatsApp-Image-2025-08-14-a-09.55.46_ac4392ce-1-169x300.jpg 169w, https:\/\/www.institut-hygeia.fr\/wp-content\/uploads\/2025\/09\/WhatsApp-Image-2025-08-14-a-09.55.46_ac4392ce-1.jpg 675w\" sizes=\"auto, (max-width: 576px) 100vw, 576px\" \/><\/figure><\/div>\n<\/div>\n\n\n\n<div class=\"wp-block-group alignfull has-border-color has-background-color has-background-background-color has-text-color has-background has-link-color wp-elements-f2034c15b85e833959bf29172f00fa0e is-layout-constrained wp-block-group-is-layout-constrained\" style=\"border-color:#99792d;border-width:10px;padding-top:1.5rem;padding-bottom:1.5rem\">\n<div class=\"wp-block-media-text alignwide has-media-on-the-right is-stacked-on-mobile is-vertically-aligned-center\" style=\"grid-template-columns:auto 15%\"><div class=\"wp-block-media-text__content\">\n<p class=\"has-text-align-center has-text-color has-link-color wp-elements-1523d95cc1782197dd2d354a4082c621\" style=\"color:#99792d;text-transform:uppercase\"><strong>POURQUOI CHOISIR CE SOIN ?<\/strong><\/p>\n\n\n\n<p class=\"has-text-align-center has-text-color has-link-color wp-elements-88093998a863033a02560d81f9840717\" style=\"color:#99792d\">-R\u00e9sultats visibles d\u00e8s la premi\u00e8re s\u00e9ance<br>-Soin quasi indolore et non invasif<br>-Convient \u00e0 de nombreuses zones du corps et visage<br>-Pas de cicatrice, pas d&rsquo;\u00e9viction sociale<\/p>\n\n\n\n<p class=\"has-text-align-center has-text-color has-link-color wp-elements-fd3e7eb05a43959c1bb7d518e3dde047\" style=\"color:#99792d;text-transform:uppercase\"><strong>LES CONTRE-INDICATIONS<\/strong><\/p>\n\n\n\n<p class=\"has-text-align-center has-text-color has-link-color wp-elements-88b556066f169ea6b49e5204abe57693\" style=\"color:#99792d\">-Grossesse ou allaitement<br>-Port d&rsquo;un pacemaker ou d\u00e9fibrillateur implant\u00e9<br>-Proth\u00e8se ou implant m\u00e9tallique sur la zone trait\u00e9e<br>-Ant\u00e9c\u00e9dent ou cancer actif\/r\u00e9cent<br>-Thrombose veineuse profonde \/ phl\u00e9bite<br>-Plaie, inflammation, ou infection sur la zone cibl\u00e9e<br>-Troubles de la coagulation ou traitement coagulant<br>-Epilepsie<br>-Maladies graves non stabilis\u00e9es (cardiaque, r\u00e9nale, h\u00e9patique)<\/p>\n\n\n\n<div class=\"wp-block-buttons is-content-justification-center is-layout-flex wp-container-core-buttons-is-layout-a89b3969 wp-block-buttons-is-layout-flex\">\n<div class=\"wp-block-button is-style-outline is-style-outline--3\"><a class=\"wp-block-button__link has-background-background-color has-text-color has-background has-link-color wp-element-button\" href=\"https:\/\/www.institut-hygeia.fr\/wp-content\/uploads\/2025\/10\/TARIFS-RADIOFREQUENCE-LIPOCAVITATION.jpg\" style=\"color:#99792d\">Nos Tarifs<\/a><\/div>\n\n\n\n<div class=\"wp-block-button is-style-outline is-style-outline--4\"><a class=\"wp-block-button__link has-background-background-color has-text-color has-background has-link-color wp-element-button\" href=\"https:\/\/www.planity.com\/hygeia-institut-jetpeel-et-epilation-laser-83210-sollies-pont\" style=\"color:#99792d\">Prenez Rendez Vous !<\/a><\/div>\n<\/div>\n<\/div><figure class=\"wp-block-media-text__media\"><img loading=\"lazy\" decoding=\"async\" width=\"576\" height=\"1024\" src=\"https:\/\/www.institut-hygeia.fr\/wp-content\/uploads\/2025\/09\/WhatsApp-Image-2025-08-14-a-09.55.46_ac4392ce-1-576x1024.jpg\" alt=\"\" class=\"wp-image-355 size-full\" srcset=\"https:\/\/www.institut-hygeia.fr\/wp-content\/uploads\/2025\/09\/WhatsApp-Image-2025-08-14-a-09.55.46_ac4392ce-1-576x1024.jpg 576w, https:\/\/www.institut-hygeia.fr\/wp-content\/uploads\/2025\/09\/WhatsApp-Image-2025-08-14-a-09.55.46_ac4392ce-1-169x300.jpg 169w, https:\/\/www.institut-hygeia.fr\/wp-content\/uploads\/2025\/09\/WhatsApp-Image-2025-08-14-a-09.55.46_ac4392ce-1.jpg 675w\" sizes=\"auto, (max-width: 576px) 100vw, 576px\" \/><\/figure><\/div>\n<\/div>\n\n\n\n<div class=\"wp-block-group alignfull has-background-color has-text-color has-background has-link-color wp-elements-8f38f261d8c015217c424840b3dbf340 is-layout-constrained wp-block-group-is-layout-constrained\" style=\"background-color:#99792d;padding-top:17px;padding-bottom:17px;background-image:url(&apos;https:\/\/www.insitut-hygeia.fr\/wp-content\/uploads\/2025\/05\/WhatsApp-Image-2025-05-04-a-10.53.01_083d7175.jpg&apos;);background-position:69% 54%;background-size:cover;\">\n<div class=\"wp-block-columns is-layout-flex wp-container-core-columns-is-layout-28f84493 wp-block-columns-is-layout-flex\">\n<div class=\"wp-block-column is-layout-flow wp-block-column-is-layout-flow\" style=\"flex-basis:25%\"><\/div>\n\n\n\n<div class=\"wp-block-column is-layout-flow wp-block-column-is-layout-flow\" style=\"flex-basis:50%\"><\/div>\n\n\n\n<div class=\"wp-block-column is-layout-flow wp-block-column-is-layout-flow\" style=\"flex-basis:25%\"><\/div>\n<\/div>\n\n\n\n<div class=\"wp-block-buttons is-content-justification-center is-layout-flex wp-container-core-buttons-is-layout-a89b3969 wp-block-buttons-is-layout-flex\">\n<div class=\"wp-block-button is-style-outline is-style-outline--5\"><a class=\"wp-block-button__link has-text-color has-link-color wp-element-button\" href=\"https:\/\/www.insitut-hygeia.fr\/index.php\/confidentialite\/\" style=\"color:#99792d\">Confidentialit\u00e9<\/a><\/div>\n\n\n\n<div class=\"wp-block-button is-style-outline is-style-outline--6\"><a class=\"wp-block-button__link has-text-color has-link-color wp-element-button\" href=\"https:\/\/www.insitut-hygeia.fr\/index.php\/tarifs-contact-2\/mentions-legales\/\" style=\"color:#99792d\">Mentions l\u00e9gales<\/a><\/div>\n<\/div>\n\n\n\n<p><\/p>\n\n\n\n<p class=\"has-text-align-center has-text-color has-link-color has-small-font-size wp-elements-689c484e3bd57beb21ca4fdd12761556\" style=\"color:#99792d\">HYGEIA INSTITUT<br>Salon Excel Coiffure &#8211; ZC Intermarch\u00e9 &#8211; ZAC la Poulasse &#8211; 83210 Solli\u00e8s-Pont<br>Si\u00e8ge social : 15 rue des coquelicots &#8211; 83210 Solli\u00e8s-Pont<br>SIRET : 937 782 951 000 19<br>07 59 69 25 26 &#8211; <a href=\"hygeia.institut@icloud.com\">hygeia.institut@icloud.com<\/a><br><\/p>\n<\/div>\n","protected":false},"excerpt":{"rendered":"<p>HYGEIA INSTITUT Radiofr\u00e9quence &amp; Lipocavitation \u2013 Raffermir, Lisser, Sculpter Lipocavitation : \u00e9liminez la graisse tenace La lipocavitation est un soin minceur utilisant des ultrasons pour cibler et d\u00e9composer les cellules graisseuses.Id\u00e9al pour r\u00e9duire les amas graisseux localis\u00e9s r\u00e9sistants au sport et aux r\u00e9gimes, ce traitement aide \u00e0 affiner la silhouette. Radiofr\u00e9quence : raffermir et lisser [&hellip;]<\/p>\n","protected":false},"author":1,"featured_media":0,"parent":0,"menu_order":0,"comment_status":"closed","ping_status":"closed","template":"blank","meta":{"footnotes":""},"class_list":["post-349","page","type-page","status-publish","hentry"],"_links":{"self":[{"href":"https:\/\/www.institut-hygeia.fr\/index.php\/wp-json\/wp\/v2\/pages\/349","targetHints":{"allow":["GET"]}}],"collection":[{"href":"https:\/\/www.institut-hygeia.fr\/index.php\/wp-json\/wp\/v2\/pages"}],"about":[{"href":"https:\/\/www.institut-hygeia.fr\/index.php\/wp-json\/wp\/v2\/types\/page"}],"author":[{"embeddable":true,"href":"https:\/\/www.institut-hygeia.fr\/index.php\/wp-json\/wp\/v2\/users\/1"}],"replies":[{"embeddable":true,"href":"https:\/\/www.institut-hygeia.fr\/index.php\/wp-json\/wp\/v2\/comments?post=349"}],"version-history":[{"count":14,"href":"https:\/\/www.institut-hygeia.fr\/index.php\/wp-json\/wp\/v2\/pages\/349\/revisions"}],"predecessor-version":[{"id":403,"href":"https:\/\/www.institut-hygeia.fr\/index.php\/wp-json\/wp\/v2\/pages\/349\/revisions\/403"}],"wp:attachment":[{"href":"https:\/\/www.institut-hygeia.fr\/index.php\/wp-json\/wp\/v2\/media?parent=349"}],"curies":[{"name":"wp","href":"https:\/\/api.w.org\/{rel}","templated":true}]}}